{"id":98,"date":"2022-07-20T12:50:29","date_gmt":"2022-07-20T12:50:29","guid":{"rendered":"https:\/\/www.imsnaturally.com\/?post_type=product&#038;p=98"},"modified":"2025-04-04T21:02:54","modified_gmt":"2025-04-04T21:02:54","slug":"bio-active-magnesium-p-5-p-zinc-120","status":"publish","type":"product","link":"https:\/\/imsnaturally.com\/es\/product\/bio-active-magnesium-p-5-p-zinc-120\/","title":{"rendered":"Bio-Active Magnesium P-5-P, Zinc #120"},"content":{"rendered":"<p>Bio-Active Magnesium Complex with P-5_P Vitamin B6 and Zinc<\/p>\n<p>Pyridoxal-5-phosphate (P-5-P) is the active form of Vitamin B6. Unlike other forms, it does not require conversion by the liver.<\/p>\n<p>P-5-P, along with Bio-Active chelated magnesium and zinc:<br \/>\n\u2022 Superior absorption (bio-active) Magnesium P-5-P, Zinc<br \/>\n\u2022 Provides significant support for heart health<br \/>\n\u2022 Aids tendon, ligament and cartilage function<br \/>\n\u2022 Supports healthy muscles and protein metabolism<br \/>\n\u2022 Supports serotonin and dopamine formation<br \/>\n\u2022 Supports nervous system function*<\/p>\n<p>\u201cUsers report this magnesium provides the best relief for restless leg syndrome and muscle cramps.\u201d*<\/p>\n<p>\u201cUsers report this B6 is the best form to take for calming.\u201d*<\/p>\n<p>\u201c<strong>Magnesium<\/strong>\u00a0regulates blood pressure and\u00a0<strong>heart<\/strong>\u00a0rate. Physicians acknowledge the ability of magnesium to stabilize heart rate (heart beats). Caution: Don\u2019t take\u00a0<strong>magnesium<\/strong>\u00a0if your blood pressure is already low.\u201d* \u2013 Statement from a Cardiologist<\/p>\n<p>*THESE STATEMENTS HAVE NOT BEEN EVALUATED BY THE FOOD AND DRUG ADMINISTRATION. THESE PRODUCTS ARE NOT INTENDED TO DIAGNOSE, TREAT, CURE OR PREVENT DISEASE.<\/p>\n<p>*YOU SHOULD ALWAYS CONSULT WITH YOUR PHYSICIAN OR HEALTH CARE PROVIDER BEFORE STARTING OR TAKING ANY DIETARY SUPPLEMENT.<\/p>\n<p><strong>Supplement Facts<\/strong><br \/>\n<strong><em>1 capsule contains:<\/em><\/strong><br \/>\nVitamin B6 10mg (500%)<br \/>\n\u2014(as pyridoxal-5-phosphate)<br \/>\nMagnesium 100mg (25%)<br \/>\n\u2014(from magnesium bisglycinate chelate)<br \/>\nZinc (from zinc glycinate chelate) 5mg (33%)<br \/>\n<strong>Other Ingredients:<\/strong>\u00a0hydroxypropyl methylcellulose (vegetable cellulose capsules), cellulose powder, vegetable source magnesium stearate, silica.<br \/>\n<strong>Contains NO:<\/strong>\u00a0GMOs, sugar, salt, yeast, wheat, gluten, corn, soy, dairy products, artificial coloring, artificial flavoring, or preservatives. VEGAN<\/p>\n<p><strong>Recommended Use:<\/strong><br \/>\n<strong>Adults:<\/strong>\u00a01 capsule daily with food, may be taken up 4 times daily.<\/p>\n","protected":false},"excerpt":{"rendered":"<p><span lang=\"es\">Complejo de magnesio bioactivo con P-5_P vitamina B6 y zinc <\/span><\/p>\n<p><span lang=\"es\">El piridoxal-5-fosfato (P-5-P) es la forma activa de la vitamina B6. A diferencia de otras formas, no requiere conversi\u00f3n por el h\u00edgado. P-5-P, junto con magnesio y zinc quelados Bio-Active:<\/span><\/p>\n<p><span lang=\"es\"> \u2022 Absorci\u00f3n superior (bioactiva) Magnesio P-5-P, zinc<\/span><\/p>\n<p><span lang=\"es\"> \u2022 Brinda un apoyo significativo para la salud del coraz\u00f3n. <\/span><\/p>\n<p><span lang=\"es\">\u2022 Ayuda a la funci\u00f3n del tend\u00f3n, ligamento y cart\u00edlago<\/span><\/p>\n<p><span lang=\"es\"> \u2022 Apoya los m\u00fasculos sanos y el metabolismo de las prote\u00ednas. <\/span><\/p>\n<p><span lang=\"es\">\u2022 Apoya la formaci\u00f3n de serotonina y dopamina <\/span><\/p>\n<p><span lang=\"es\">\u2022 Apoya la funci\u00f3n del sistema nervioso *<\/span><\/p>\n<p><span lang=\"es\"> &#8220;Los usuarios informan que este magnesio proporciona el mejor alivio para el s\u00edndrome de piernas inquietas y los calambres musculares&#8221;. *<\/span><\/p>\n<p><span lang=\"es\"> &#8220;Los usuarios informan que esta B6 es la mejor forma de calmarse&#8221;. *<\/span><\/p>\n<p><span lang=\"es\"> &#8220;El magnesio regula la presi\u00f3n arterial y la frecuencia card\u00edaca. Los m\u00e9dicos reconocen la capacidad del magnesio para estabilizar la frecuencia card\u00edaca (latidos card\u00edacos). Precauci\u00f3n: no tome magnesio si su presi\u00f3n arterial ya est\u00e1 baja&#8221;. *<\/span><span lang=\"es\"> &#8211; Declaraci\u00f3n de un cardi\u00f3logo <\/span><\/p>\n<p><span lang=\"es\">* ESTAS DECLARACIONES NO HAN SIDO EVALUADAS POR LA ADMINISTRACI\u00d3N DE ALIMENTOS Y DROGAS. ESTOS PRODUCTOS NO EST\u00c1N DISE\u00d1ADOS PARA DIAGNOSTICAR, TRATAR, CURAR O PREVENIR ENFERMEDADES. <\/span><\/p>\n<p><span lang=\"es\">* SIEMPRE DEBE CONSULTAR CON SU M\u00c9DICO O PROVEEDOR DE ATENCI\u00d3N M\u00c9DICA ANTES DE COMENZAR O TOMAR CUALQUIER SUPLEMENTO DIETARIO.<\/span><\/p>\n<p><span lang=\"es\"> Hechos suplementarios 1 c\u00e1psula contiene: Vitamina B6 10mg (500%) &#8212; (como piridoxal-5-fosfato) Magnesio 100mg (25%) &#8212; (del quelato de bisglicinato de magnesio) Zinc (del quelato de glicinato de zinc) 5 mg (33%) <\/span><\/p>\n<p><span lang=\"es\">Otros ingredientes: hidroxipropilmetilcelulosa (c\u00e1psulas de celulosa vegetal), polvo de celulosa, estearato de magnesio de origen vegetal, s\u00edlice. Contiene NO: OMG, az\u00facar, sal, levadura, trigo, gluten, ma\u00edz, soja, productos l\u00e1cteos, colorantes artificiales, saborizantes artificiales o conservantes. VEGANO <\/span><\/p>\n<p><span lang=\"es\">Uso recomendado: Adultos: 1 c\u00e1psula al d\u00eda con alimentos, se puede tomar 4 veces al d\u00eda.<\/span><\/p>\n","protected":false},"featured_media":37257,"comment_status":"open","ping_status":"closed","template":"","meta":[],"product_cat":[30],"product_tag":[],"class_list":{"0":"post-98","1":"product","2":"type-product","3":"status-publish","4":"has-post-thumbnail","6":"product_brand-europharma","7":"product_cat-magnesium-with-p-5-p-and-zinc","9":"first","10":"instock","11":"sale","12":"featured","13":"taxable","14":"shipping-taxable","15":"purchasable","16":"product-type-simple"},"yoast_head":"<!-- This site is optimized with the Yoast SEO plugin v27.4 - https:\/\/yoast.com\/product\/yoast-seo-wordpress\/ -->\n<title>Bio-Active Magnesium P-5-P, Zinc #120<\/title>\n<meta name=\"description\" content=\"Complejo de magnesio bioactivo con P-5_P vitamina B6 y zinc. El piridoxal-5-fosfato (P-5-P) es la forma activa de la vitamina B6. A diferencia de otras formas, no requiere conversi\u00f3n por el h\u00edgado.\" \/>\n<meta name=\"robots\" content=\"index, follow, max-snippet:-1, max-image-preview:large, max-video-preview:-1\" \/>\n<link rel=\"canonical\" href=\"https:\/\/imsnaturally.com\/es\/product\/bio-active-magnesium-p-5-p-zinc-120\/\" \/>\n<meta property=\"og:locale\" content=\"es_MX\" \/>\n<meta property=\"og:locale:alternate\" content=\"en_US\" \/>\n<meta property=\"og:type\" content=\"article\" \/>\n<meta property=\"og:title\" content=\"Bio-Active Magnesium P-5-P, Zinc #120\" \/>\n<meta property=\"og:description\" content=\"Complejo de magnesio bioactivo con P-5_P vitamina B6 y zinc. El piridoxal-5-fosfato (P-5-P) es la forma activa de la vitamina B6. A diferencia de otras formas, no requiere conversi\u00f3n por el h\u00edgado.\" \/>\n<meta property=\"og:url\" content=\"https:\/\/imsnaturally.com\/es\/product\/bio-active-magnesium-p-5-p-zinc-120\/\" \/>\n<meta property=\"og:site_name\" content=\"IMS Naturally \/ IMS Supplements, Inc.\" \/>\n<meta property=\"article:modified_time\" content=\"2025-04-04T21:02:54+00:00\" \/>\n<meta property=\"og:image\" content=\"https:\/\/imsnaturally.com\/wp-content\/uploads\/2022\/07\/Mag120png.png\" \/>\n\t<meta property=\"og:image:width\" content=\"639\" \/>\n\t<meta property=\"og:image:height\" content=\"719\" \/>\n\t<meta property=\"og:image:type\" content=\"image\/png\" \/>\n<meta name=\"twitter:card\" content=\"summary_large_image\" \/>\n<meta name=\"twitter:label1\" content=\"Tiempo de lectura\" \/>\n\t<meta name=\"twitter:data1\" content=\"1 minuto\" \/>\n<script type=\"application\/ld+json\" class=\"yoast-schema-graph\">{\"@context\":\"https:\\\/\\\/schema.org\",\"@graph\":[{\"@type\":\"WebPage\",\"@id\":\"https:\\\/\\\/imsnaturally.com\\\/product\\\/bio-active-magnesium-p-5-p-zinc-120\\\/\",\"url\":\"https:\\\/\\\/imsnaturally.com\\\/product\\\/bio-active-magnesium-p-5-p-zinc-120\\\/\",\"name\":\"Bio-Active Magnesium P-5-P, Zinc #120\",\"isPartOf\":{\"@id\":\"https:\\\/\\\/imsnaturally.com\\\/#website\"},\"primaryImageOfPage\":{\"@id\":\"https:\\\/\\\/imsnaturally.com\\\/product\\\/bio-active-magnesium-p-5-p-zinc-120\\\/#primaryimage\"},\"image\":{\"@id\":\"https:\\\/\\\/imsnaturally.com\\\/product\\\/bio-active-magnesium-p-5-p-zinc-120\\\/#primaryimage\"},\"thumbnailUrl\":\"https:\\\/\\\/imsnaturally.com\\\/wp-content\\\/uploads\\\/2022\\\/07\\\/Mag120png.png\",\"datePublished\":\"2022-07-20T12:50:29+00:00\",\"dateModified\":\"2025-04-04T21:02:54+00:00\",\"description\":\"Complejo de magnesio bioactivo con P-5_P vitamina B6 y zinc. El piridoxal-5-fosfato (P-5-P) es la forma activa de la vitamina B6. A diferencia de otras formas, no requiere conversi\u00f3n por el h\u00edgado.\",\"breadcrumb\":{\"@id\":\"https:\\\/\\\/imsnaturally.com\\\/product\\\/bio-active-magnesium-p-5-p-zinc-120\\\/#breadcrumb\"},\"inLanguage\":\"es-MX\",\"potentialAction\":[{\"@type\":\"ReadAction\",\"target\":[\"https:\\\/\\\/imsnaturally.com\\\/product\\\/bio-active-magnesium-p-5-p-zinc-120\\\/\"]}]},{\"@type\":\"ImageObject\",\"inLanguage\":\"es-MX\",\"@id\":\"https:\\\/\\\/imsnaturally.com\\\/product\\\/bio-active-magnesium-p-5-p-zinc-120\\\/#primaryimage\",\"url\":\"https:\\\/\\\/imsnaturally.com\\\/wp-content\\\/uploads\\\/2022\\\/07\\\/Mag120png.png\",\"contentUrl\":\"https:\\\/\\\/imsnaturally.com\\\/wp-content\\\/uploads\\\/2022\\\/07\\\/Mag120png.png\",\"width\":639,\"height\":719},{\"@type\":\"BreadcrumbList\",\"@id\":\"https:\\\/\\\/imsnaturally.com\\\/product\\\/bio-active-magnesium-p-5-p-zinc-120\\\/#breadcrumb\",\"itemListElement\":[{\"@type\":\"ListItem\",\"position\":1,\"name\":\"Home\",\"item\":\"https:\\\/\\\/imsnaturally.com\\\/\"},{\"@type\":\"ListItem\",\"position\":2,\"name\":\"Shop\",\"item\":\"https:\\\/\\\/imsnaturally.com\\\/shop\\\/\"},{\"@type\":\"ListItem\",\"position\":3,\"name\":\"Bio-Active Magnesium P-5-P, Zinc #120\"}]},{\"@type\":\"WebSite\",\"@id\":\"https:\\\/\\\/imsnaturally.com\\\/#website\",\"url\":\"https:\\\/\\\/imsnaturally.com\\\/\",\"name\":\"IMS Naturally \\\/ IMS Supplements, Inc.\",\"description\":\"\",\"publisher\":{\"@id\":\"https:\\\/\\\/imsnaturally.com\\\/#organization\"},\"potentialAction\":[{\"@type\":\"SearchAction\",\"target\":{\"@type\":\"EntryPoint\",\"urlTemplate\":\"https:\\\/\\\/imsnaturally.com\\\/?s={search_term_string}\"},\"query-input\":{\"@type\":\"PropertyValueSpecification\",\"valueRequired\":true,\"valueName\":\"search_term_string\"}}],\"inLanguage\":\"es-MX\"},{\"@type\":\"Organization\",\"@id\":\"https:\\\/\\\/imsnaturally.com\\\/#organization\",\"name\":\"IMS Naturally \\\/ IMS Supplements, Inc.\",\"url\":\"https:\\\/\\\/imsnaturally.com\\\/\",\"logo\":{\"@type\":\"ImageObject\",\"inLanguage\":\"es-MX\",\"@id\":\"https:\\\/\\\/imsnaturally.com\\\/#\\\/schema\\\/logo\\\/image\\\/\",\"url\":\"https:\\\/\\\/imsnaturally.com\\\/wp-content\\\/uploads\\\/2022\\\/07\\\/logo.jpg\",\"contentUrl\":\"https:\\\/\\\/imsnaturally.com\\\/wp-content\\\/uploads\\\/2022\\\/07\\\/logo.jpg\",\"width\":375,\"height\":79,\"caption\":\"IMS Naturally \\\/ IMS Supplements, Inc.\"},\"image\":{\"@id\":\"https:\\\/\\\/imsnaturally.com\\\/#\\\/schema\\\/logo\\\/image\\\/\"}}]}<\/script>\n<!-- \/ Yoast SEO plugin. -->","yoast_head_json":{"title":"Bio-Active Magnesium P-5-P, Zinc #120","description":"Complejo de magnesio bioactivo con P-5_P vitamina B6 y zinc. El piridoxal-5-fosfato (P-5-P) es la forma activa de la vitamina B6. A diferencia de otras formas, no requiere conversi\u00f3n por el h\u00edgado.","robots":{"index":"index","follow":"follow","max-snippet":"max-snippet:-1","max-image-preview":"max-image-preview:large","max-video-preview":"max-video-preview:-1"},"canonical":"https:\/\/imsnaturally.com\/es\/product\/bio-active-magnesium-p-5-p-zinc-120\/","og_locale":"es_MX","og_type":"article","og_title":"[:en]Bio-Active Magnesium P-5-P, Zinc #120[:es]Bio-Active Magnesium P-5-P, Zinc #120[:] - IMS Naturally \/ IMS Supplements, Inc.","og_description":"[:en]Bio-Active Magnesium Complex with P-5_P Vitamin B6 and ZincPyridoxal-5-phosphate. (P-5-P) is the active form of Vitamin B6. Unlike other forms, it does not require conversion by the liver.[:es]Complejo de magnesio bioactivo con P-5_P vitamina B6 y zinc. El piridoxal-5-fosfato (P-5-P) es la forma activa de la vitamina B6. A diferencia de otras formas, no requiere conversi\u00f3n por el h\u00edgado.[:]","og_url":"https:\/\/imsnaturally.com\/es\/product\/bio-active-magnesium-p-5-p-zinc-120\/","og_site_name":"IMS Naturally \/ IMS Supplements, Inc.","article_modified_time":"2025-04-04T21:02:54+00:00","og_image":[{"width":639,"height":719,"url":"https:\/\/imsnaturally.com\/wp-content\/uploads\/2022\/07\/Mag120png.png","type":"image\/png"}],"twitter_card":"summary_large_image","twitter_misc":{"Tiempo de lectura":"1 minuto"},"schema":{"@context":"https:\/\/schema.org","@graph":[{"@type":"WebPage","@id":"https:\/\/imsnaturally.com\/product\/bio-active-magnesium-p-5-p-zinc-120\/","url":"https:\/\/imsnaturally.com\/product\/bio-active-magnesium-p-5-p-zinc-120\/","name":"Bio-Active Magnesium P-5-P, Zinc #120","isPartOf":{"@id":"https:\/\/imsnaturally.com\/#website"},"primaryImageOfPage":{"@id":"https:\/\/imsnaturally.com\/product\/bio-active-magnesium-p-5-p-zinc-120\/#primaryimage"},"image":{"@id":"https:\/\/imsnaturally.com\/product\/bio-active-magnesium-p-5-p-zinc-120\/#primaryimage"},"thumbnailUrl":"https:\/\/imsnaturally.com\/wp-content\/uploads\/2022\/07\/Mag120png.png","datePublished":"2022-07-20T12:50:29+00:00","dateModified":"2025-04-04T21:02:54+00:00","description":"Complejo de magnesio bioactivo con P-5_P vitamina B6 y zinc. El piridoxal-5-fosfato (P-5-P) es la forma activa de la vitamina B6. A diferencia de otras formas, no requiere conversi\u00f3n por el h\u00edgado.","breadcrumb":{"@id":"https:\/\/imsnaturally.com\/product\/bio-active-magnesium-p-5-p-zinc-120\/#breadcrumb"},"inLanguage":"es-MX","potentialAction":[{"@type":"ReadAction","target":["https:\/\/imsnaturally.com\/product\/bio-active-magnesium-p-5-p-zinc-120\/"]}]},{"@type":"ImageObject","inLanguage":"es-MX","@id":"https:\/\/imsnaturally.com\/product\/bio-active-magnesium-p-5-p-zinc-120\/#primaryimage","url":"https:\/\/imsnaturally.com\/wp-content\/uploads\/2022\/07\/Mag120png.png","contentUrl":"https:\/\/imsnaturally.com\/wp-content\/uploads\/2022\/07\/Mag120png.png","width":639,"height":719},{"@type":"BreadcrumbList","@id":"https:\/\/imsnaturally.com\/product\/bio-active-magnesium-p-5-p-zinc-120\/#breadcrumb","itemListElement":[{"@type":"ListItem","position":1,"name":"Home","item":"https:\/\/imsnaturally.com\/"},{"@type":"ListItem","position":2,"name":"Shop","item":"https:\/\/imsnaturally.com\/shop\/"},{"@type":"ListItem","position":3,"name":"Bio-Active Magnesium P-5-P, Zinc #120"}]},{"@type":"WebSite","@id":"https:\/\/imsnaturally.com\/#website","url":"https:\/\/imsnaturally.com\/","name":"IMS Naturally \/ IMS Supplements, Inc.","description":"","publisher":{"@id":"https:\/\/imsnaturally.com\/#organization"},"potentialAction":[{"@type":"SearchAction","target":{"@type":"EntryPoint","urlTemplate":"https:\/\/imsnaturally.com\/?s={search_term_string}"},"query-input":{"@type":"PropertyValueSpecification","valueRequired":true,"valueName":"search_term_string"}}],"inLanguage":"es-MX"},{"@type":"Organization","@id":"https:\/\/imsnaturally.com\/#organization","name":"IMS Naturally \/ IMS Supplements, Inc.","url":"https:\/\/imsnaturally.com\/","logo":{"@type":"ImageObject","inLanguage":"es-MX","@id":"https:\/\/imsnaturally.com\/#\/schema\/logo\/image\/","url":"https:\/\/imsnaturally.com\/wp-content\/uploads\/2022\/07\/logo.jpg","contentUrl":"https:\/\/imsnaturally.com\/wp-content\/uploads\/2022\/07\/logo.jpg","width":375,"height":79,"caption":"IMS Naturally \/ IMS Supplements, Inc."},"image":{"@id":"https:\/\/imsnaturally.com\/#\/schema\/logo\/image\/"}}]}},"_links":{"self":[{"href":"https:\/\/imsnaturally.com\/es\/wp-json\/wp\/v2\/product\/98","targetHints":{"allow":["GET"]}}],"collection":[{"href":"https:\/\/imsnaturally.com\/es\/wp-json\/wp\/v2\/product"}],"about":[{"href":"https:\/\/imsnaturally.com\/es\/wp-json\/wp\/v2\/types\/product"}],"replies":[{"embeddable":true,"href":"https:\/\/imsnaturally.com\/es\/wp-json\/wp\/v2\/comments?post=98"}],"wp:featuredmedia":[{"embeddable":true,"href":"https:\/\/imsnaturally.com\/es\/wp-json\/wp\/v2\/media\/37257"}],"wp:attachment":[{"href":"https:\/\/imsnaturally.com\/es\/wp-json\/wp\/v2\/media?parent=98"}],"wp:term":[{"taxonomy":"product_cat","embeddable":true,"href":"https:\/\/imsnaturally.com\/es\/wp-json\/wp\/v2\/product_cat?post=98"},{"taxonomy":"product_tag","embeddable":true,"href":"https:\/\/imsnaturally.com\/es\/wp-json\/wp\/v2\/product_tag?post=98"}],"curies":[{"name":"wp","href":"https:\/\/api.w.org\/{rel}","templated":true}]}}