{"id":97,"date":"2022-07-20T12:50:29","date_gmt":"2022-07-20T12:50:29","guid":{"rendered":"https:\/\/www.imsnaturally.com\/?post_type=product&#038;p=97"},"modified":"2025-11-14T20:38:42","modified_gmt":"2025-11-14T20:38:42","slug":"bosmed-500","status":"publish","type":"product","link":"https:\/\/imsnaturally.com\/es\/product\/bosmed-500\/","title":{"rendered":"BosMed\u00ae 500"},"content":{"rendered":"","protected":false},"excerpt":{"rendered":"<div>\n<div id=\"tw-target\">\n<div id=\"tw-target-text-container\"><span lang=\"es\" xml:lang=\"es\"><strong>FUERZA EXTRA<\/strong><\/span><\/div>\n<\/div>\n<\/div>\n<p>Boswellia estudiado clinicamente<br \/>\nRespuesta de Inflamaci\u00f3n Saludable * \u2020<br \/>\nSKU 34306 | 60 Softgels<\/p>\n<p>\u2022Caracter\u00edsticas cl\u00ednicamente estudiadas, boswellia excepcionalmente estandarizada.<br \/>\n\u2022Hasta 10 veces m\u00e1s AKBA que boswellia no estandarizada<br \/>\n\u2022Seguro y efectivo.<br \/>\n\u2022Apoya una respuesta de inflamaci\u00f3n saludable * \u2020<\/p>\n<p>\u00a1La Boswellia m\u00e1s avanzada en el mercado hoy!<\/p>\n<p><em>BosPure\u00ae es una marca registrada de Dolcas-Biotech, LLC.<br \/>\n\u2020 Inflamaci\u00f3n ocasional por ejercicio o uso excesivo <\/em><\/p>\n<h3>Hechos Suplementarios<\/h3>\n<div>Tama\u00f1o de la porci\u00f3n:1 Softgel<\/div>\n<div>Porciones por envase: 60<\/div>\n<table>\n<tbody>\n<tr>\n<th>Ingrediente<\/th>\n<th>Cantidad \/ Porci\u00f3n<\/th>\n<th>Valor diario<\/th>\n<\/tr>\n<tr>\n<td>Boswellia (<em>Boswellia serrata<\/em>)<\/td>\n<td>500 mg<\/td>\n<td>**<\/td>\n<\/tr>\n<tr>\n<td colspan=\"3\">Extracto de resina de goma (BosPure\u00ae) estandarizado para contener ? 70% de \u00e1cidos org\u00e1nicos y boswellicos con AKBA ? 10%, con ? 5% de \u00e1cidos beta-boswellicos<\/p>\n<hr \/>\n<p>** Valor diario (DV) no establecido<\/td>\n<\/tr>\n<\/tbody>\n<\/table>\n<div><strong>Otros ingredientes:<\/strong> aceite de girasol, gelatina, glicerina, agua purificada, cera de abejas, color annatto (gelatina blanda).<\/div>\n<div><strong>No<\/strong>: az\u00facar, sal, levadura, trigo, gluten, ma\u00edz, soja, productos l\u00e1cteos, colorantes artificiales, saborizantes artificiales o conservantes artificiales.<\/div>\n<div>\n<p><strong>Recomendaciones:<\/strong><\/p>\n<p>1 c\u00e1psula blanda, una o dos veces al d\u00eda. (Este producto a menudo se toma con Cucuramin.)<\/p>\n<\/div>\n<div>\n<p>Si est\u00e1 embarazada o amamantando, consulte a un profesional de la salud.<\/p>\n<p><strong>NON-GMO\u00a0 \u00a0 \u00a0<img loading=\"lazy\" decoding=\"async\" title=\"Halal Certified\" src=\"https:\/\/www.terrynaturallyvitamins.com\/media\/wysiwyg\/products\/supfacts-icons\/Halal_Logo.png\" alt=\"Halal Symbol\" width=\"56\" height=\"53\" \/><\/strong><\/p>\n<\/div>\n","protected":false},"featured_media":114,"comment_status":"open","ping_status":"closed","template":"","meta":[],"product_cat":[27],"product_tag":[],"class_list":{"0":"post-97","1":"product","2":"type-product","3":"status-publish","4":"has-post-thumbnail","6":"product_brand-europharma","7":"product_cat-bosmed-500-boswellia","9":"first","10":"outofstock","11":"sale","12":"featured","13":"taxable","14":"shipping-taxable","15":"purchasable","16":"product-type-simple"},"yoast_head":"<!-- This site is optimized with the Yoast SEO plugin v27.4 - https:\/\/yoast.com\/product\/yoast-seo-wordpress\/ -->\n<title>BosMed\u00ae 500<\/title>\n<meta name=\"description\" content=\"Boswellia estudiado clinicamente.Respuesta de Inflamaci\u00f3n .Saludable . 60 Softgel. Caracter\u00edsticas cl\u00ednicamente estudiadas, boswellia excepcionalmente estandarizada.\" \/>\n<meta name=\"robots\" content=\"index, follow, max-snippet:-1, max-image-preview:large, max-video-preview:-1\" \/>\n<link rel=\"canonical\" href=\"https:\/\/imsnaturally.com\/es\/product\/bosmed-500\/\" \/>\n<meta property=\"og:locale\" content=\"es_MX\" \/>\n<meta property=\"og:locale:alternate\" content=\"en_US\" \/>\n<meta property=\"og:type\" content=\"article\" \/>\n<meta property=\"og:title\" content=\"BosMed\u00ae 500\" \/>\n<meta property=\"og:description\" content=\"Boswellia estudiado clinicamente.Respuesta de Inflamaci\u00f3n .Saludable . 60 Softgel. Caracter\u00edsticas cl\u00ednicamente estudiadas, boswellia excepcionalmente estandarizada.\" \/>\n<meta property=\"og:url\" content=\"https:\/\/imsnaturally.com\/es\/product\/bosmed-500\/\" \/>\n<meta property=\"og:site_name\" content=\"IMS Naturally \/ IMS Supplements, Inc.\" \/>\n<meta property=\"article:modified_time\" content=\"2025-11-14T20:38:42+00:00\" \/>\n<meta property=\"og:image\" content=\"https:\/\/imsnaturally.com\/wp-content\/uploads\/2022\/07\/bosmed-500.png\" \/>\n\t<meta property=\"og:image:width\" content=\"623\" \/>\n\t<meta property=\"og:image:height\" content=\"1000\" \/>\n\t<meta property=\"og:image:type\" content=\"image\/png\" \/>\n<meta name=\"twitter:card\" content=\"summary_large_image\" \/>\n<meta name=\"twitter:label1\" content=\"Tiempo de lectura\" \/>\n\t<meta name=\"twitter:data1\" content=\"1 minuto\" \/>\n<script type=\"application\/ld+json\" class=\"yoast-schema-graph\">{\"@context\":\"https:\\\/\\\/schema.org\",\"@graph\":[{\"@type\":\"WebPage\",\"@id\":\"https:\\\/\\\/imsnaturally.com\\\/product\\\/bosmed-500\\\/\",\"url\":\"https:\\\/\\\/imsnaturally.com\\\/product\\\/bosmed-500\\\/\",\"name\":\"BosMed\u00ae 500\",\"isPartOf\":{\"@id\":\"https:\\\/\\\/imsnaturally.com\\\/#website\"},\"primaryImageOfPage\":{\"@id\":\"https:\\\/\\\/imsnaturally.com\\\/product\\\/bosmed-500\\\/#primaryimage\"},\"image\":{\"@id\":\"https:\\\/\\\/imsnaturally.com\\\/product\\\/bosmed-500\\\/#primaryimage\"},\"thumbnailUrl\":\"https:\\\/\\\/imsnaturally.com\\\/wp-content\\\/uploads\\\/2022\\\/07\\\/bosmed-500.png\",\"datePublished\":\"2022-07-20T12:50:29+00:00\",\"dateModified\":\"2025-11-14T20:38:42+00:00\",\"description\":\"Boswellia estudiado clinicamente.Respuesta de Inflamaci\u00f3n .Saludable . 60 Softgel. Caracter\u00edsticas cl\u00ednicamente estudiadas, boswellia excepcionalmente estandarizada.\",\"breadcrumb\":{\"@id\":\"https:\\\/\\\/imsnaturally.com\\\/product\\\/bosmed-500\\\/#breadcrumb\"},\"inLanguage\":\"es-MX\",\"potentialAction\":[{\"@type\":\"ReadAction\",\"target\":[\"https:\\\/\\\/imsnaturally.com\\\/product\\\/bosmed-500\\\/\"]}]},{\"@type\":\"ImageObject\",\"inLanguage\":\"es-MX\",\"@id\":\"https:\\\/\\\/imsnaturally.com\\\/product\\\/bosmed-500\\\/#primaryimage\",\"url\":\"https:\\\/\\\/imsnaturally.com\\\/wp-content\\\/uploads\\\/2022\\\/07\\\/bosmed-500.png\",\"contentUrl\":\"https:\\\/\\\/imsnaturally.com\\\/wp-content\\\/uploads\\\/2022\\\/07\\\/bosmed-500.png\",\"width\":623,\"height\":1000},{\"@type\":\"BreadcrumbList\",\"@id\":\"https:\\\/\\\/imsnaturally.com\\\/product\\\/bosmed-500\\\/#breadcrumb\",\"itemListElement\":[{\"@type\":\"ListItem\",\"position\":1,\"name\":\"Home\",\"item\":\"https:\\\/\\\/imsnaturally.com\\\/\"},{\"@type\":\"ListItem\",\"position\":2,\"name\":\"Shop\",\"item\":\"https:\\\/\\\/imsnaturally.com\\\/shop\\\/\"},{\"@type\":\"ListItem\",\"position\":3,\"name\":\"BosMed\u00ae 500\"}]},{\"@type\":\"WebSite\",\"@id\":\"https:\\\/\\\/imsnaturally.com\\\/#website\",\"url\":\"https:\\\/\\\/imsnaturally.com\\\/\",\"name\":\"IMS Naturally \\\/ IMS Supplements, Inc.\",\"description\":\"\",\"publisher\":{\"@id\":\"https:\\\/\\\/imsnaturally.com\\\/#organization\"},\"potentialAction\":[{\"@type\":\"SearchAction\",\"target\":{\"@type\":\"EntryPoint\",\"urlTemplate\":\"https:\\\/\\\/imsnaturally.com\\\/?s={search_term_string}\"},\"query-input\":{\"@type\":\"PropertyValueSpecification\",\"valueRequired\":true,\"valueName\":\"search_term_string\"}}],\"inLanguage\":\"es-MX\"},{\"@type\":\"Organization\",\"@id\":\"https:\\\/\\\/imsnaturally.com\\\/#organization\",\"name\":\"IMS Naturally \\\/ IMS Supplements, Inc.\",\"url\":\"https:\\\/\\\/imsnaturally.com\\\/\",\"logo\":{\"@type\":\"ImageObject\",\"inLanguage\":\"es-MX\",\"@id\":\"https:\\\/\\\/imsnaturally.com\\\/#\\\/schema\\\/logo\\\/image\\\/\",\"url\":\"https:\\\/\\\/imsnaturally.com\\\/wp-content\\\/uploads\\\/2022\\\/07\\\/logo.jpg\",\"contentUrl\":\"https:\\\/\\\/imsnaturally.com\\\/wp-content\\\/uploads\\\/2022\\\/07\\\/logo.jpg\",\"width\":375,\"height\":79,\"caption\":\"IMS Naturally \\\/ IMS Supplements, Inc.\"},\"image\":{\"@id\":\"https:\\\/\\\/imsnaturally.com\\\/#\\\/schema\\\/logo\\\/image\\\/\"}}]}<\/script>\n<!-- \/ Yoast SEO plugin. -->","yoast_head_json":{"title":"BosMed\u00ae 500","description":"Boswellia estudiado clinicamente.Respuesta de Inflamaci\u00f3n .Saludable . 60 Softgel. Caracter\u00edsticas cl\u00ednicamente estudiadas, boswellia excepcionalmente estandarizada.","robots":{"index":"index","follow":"follow","max-snippet":"max-snippet:-1","max-image-preview":"max-image-preview:large","max-video-preview":"max-video-preview:-1"},"canonical":"https:\/\/imsnaturally.com\/es\/product\/bosmed-500\/","og_locale":"es_MX","og_type":"article","og_title":"[:en]BosMed\u00ae 500[:es]BosMed\u00ae 500[:] - IMS Naturally \/ IMS Supplements, Inc.","og_description":"[:en]Clinically Studied Boswellia. Healthy Inflammation Response. 60 Softgels. Features clinically studied, uniquely standardized boswellia.[:es]Boswellia estudiado clinicamente.Respuesta de Inflamaci\u00f3n .Saludable . 60 Softgel. Caracter\u00edsticas cl\u00ednicamente estudiadas, boswellia excepcionalmente estandarizada.[:]","og_url":"https:\/\/imsnaturally.com\/es\/product\/bosmed-500\/","og_site_name":"IMS Naturally \/ IMS Supplements, Inc.","article_modified_time":"2025-11-14T20:38:42+00:00","og_image":[{"width":623,"height":1000,"url":"https:\/\/imsnaturally.com\/wp-content\/uploads\/2022\/07\/bosmed-500.png","type":"image\/png"}],"twitter_card":"summary_large_image","twitter_misc":{"Tiempo de lectura":"1 minuto"},"schema":{"@context":"https:\/\/schema.org","@graph":[{"@type":"WebPage","@id":"https:\/\/imsnaturally.com\/product\/bosmed-500\/","url":"https:\/\/imsnaturally.com\/product\/bosmed-500\/","name":"BosMed\u00ae 500","isPartOf":{"@id":"https:\/\/imsnaturally.com\/#website"},"primaryImageOfPage":{"@id":"https:\/\/imsnaturally.com\/product\/bosmed-500\/#primaryimage"},"image":{"@id":"https:\/\/imsnaturally.com\/product\/bosmed-500\/#primaryimage"},"thumbnailUrl":"https:\/\/imsnaturally.com\/wp-content\/uploads\/2022\/07\/bosmed-500.png","datePublished":"2022-07-20T12:50:29+00:00","dateModified":"2025-11-14T20:38:42+00:00","description":"Boswellia estudiado clinicamente.Respuesta de Inflamaci\u00f3n .Saludable . 60 Softgel. Caracter\u00edsticas cl\u00ednicamente estudiadas, boswellia excepcionalmente estandarizada.","breadcrumb":{"@id":"https:\/\/imsnaturally.com\/product\/bosmed-500\/#breadcrumb"},"inLanguage":"es-MX","potentialAction":[{"@type":"ReadAction","target":["https:\/\/imsnaturally.com\/product\/bosmed-500\/"]}]},{"@type":"ImageObject","inLanguage":"es-MX","@id":"https:\/\/imsnaturally.com\/product\/bosmed-500\/#primaryimage","url":"https:\/\/imsnaturally.com\/wp-content\/uploads\/2022\/07\/bosmed-500.png","contentUrl":"https:\/\/imsnaturally.com\/wp-content\/uploads\/2022\/07\/bosmed-500.png","width":623,"height":1000},{"@type":"BreadcrumbList","@id":"https:\/\/imsnaturally.com\/product\/bosmed-500\/#breadcrumb","itemListElement":[{"@type":"ListItem","position":1,"name":"Home","item":"https:\/\/imsnaturally.com\/"},{"@type":"ListItem","position":2,"name":"Shop","item":"https:\/\/imsnaturally.com\/shop\/"},{"@type":"ListItem","position":3,"name":"BosMed\u00ae 500"}]},{"@type":"WebSite","@id":"https:\/\/imsnaturally.com\/#website","url":"https:\/\/imsnaturally.com\/","name":"IMS Naturally \/ IMS Supplements, Inc.","description":"","publisher":{"@id":"https:\/\/imsnaturally.com\/#organization"},"potentialAction":[{"@type":"SearchAction","target":{"@type":"EntryPoint","urlTemplate":"https:\/\/imsnaturally.com\/?s={search_term_string}"},"query-input":{"@type":"PropertyValueSpecification","valueRequired":true,"valueName":"search_term_string"}}],"inLanguage":"es-MX"},{"@type":"Organization","@id":"https:\/\/imsnaturally.com\/#organization","name":"IMS Naturally \/ IMS Supplements, Inc.","url":"https:\/\/imsnaturally.com\/","logo":{"@type":"ImageObject","inLanguage":"es-MX","@id":"https:\/\/imsnaturally.com\/#\/schema\/logo\/image\/","url":"https:\/\/imsnaturally.com\/wp-content\/uploads\/2022\/07\/logo.jpg","contentUrl":"https:\/\/imsnaturally.com\/wp-content\/uploads\/2022\/07\/logo.jpg","width":375,"height":79,"caption":"IMS Naturally \/ IMS Supplements, Inc."},"image":{"@id":"https:\/\/imsnaturally.com\/#\/schema\/logo\/image\/"}}]}},"_links":{"self":[{"href":"https:\/\/imsnaturally.com\/es\/wp-json\/wp\/v2\/product\/97","targetHints":{"allow":["GET"]}}],"collection":[{"href":"https:\/\/imsnaturally.com\/es\/wp-json\/wp\/v2\/product"}],"about":[{"href":"https:\/\/imsnaturally.com\/es\/wp-json\/wp\/v2\/types\/product"}],"replies":[{"embeddable":true,"href":"https:\/\/imsnaturally.com\/es\/wp-json\/wp\/v2\/comments?post=97"}],"wp:featuredmedia":[{"embeddable":true,"href":"https:\/\/imsnaturally.com\/es\/wp-json\/wp\/v2\/media\/114"}],"wp:attachment":[{"href":"https:\/\/imsnaturally.com\/es\/wp-json\/wp\/v2\/media?parent=97"}],"wp:term":[{"taxonomy":"product_cat","embeddable":true,"href":"https:\/\/imsnaturally.com\/es\/wp-json\/wp\/v2\/product_cat?post=97"},{"taxonomy":"product_tag","embeddable":true,"href":"https:\/\/imsnaturally.com\/es\/wp-json\/wp\/v2\/product_tag?post=97"}],"curies":[{"name":"wp","href":"https:\/\/api.w.org\/{rel}","templated":true}]}}