{"id":95,"date":"2022-07-20T12:50:28","date_gmt":"2022-07-20T12:50:28","guid":{"rendered":"https:\/\/www.imsnaturally.com\/?post_type=product&#038;p=95"},"modified":"2025-11-14T20:40:41","modified_gmt":"2025-11-14T20:40:41","slug":"curamin-120","status":"publish","type":"product","link":"https:\/\/imsnaturally.com\/es\/product\/curamin-120\/","title":{"rendered":"Curamin \u00ae #120"},"content":{"rendered":"","protected":false},"excerpt":{"rendered":"<p>120 C\u00e1psulas Curamin\u00ae; el<br \/>\ntama\u00f1o de la porci\u00f3n: 2 c\u00e1psulas<br \/>\n60 porciones por envase<\/p>\n<p>Curamin&#8217;s todos los ingredientes naturales que incluyen: la curcumina, curcuminoids, dl phenylananine, Boswellia y Nattokinase.<\/p>\n<p>Votado #1 para el alivio del dolor*\u2020, a\u00f1o tras a\u00f1o<br \/>\nmillones de botellas vendidas<br \/>\nexcepcional alivio del dolor*\u2020 o le devolvemos su dinero<\/p>\n<p>(\u2020 ocasional dolor muscular debido al ejercicio o sobrecarga)<\/p>\n<p>Curamin contiene una curcumina cl\u00ednicamente probada que es significativamente mejor absorbido que la c\u00farcuma o llanura curcumin productos, junto con un exclusivo extracto de Boswellia estandarizado.<br \/>\nEsta especial la curcumina ha demostrado en estudios cl\u00ednicos publicados para proporcionar consistencia y efectos duraderos. El impacto de Boswellia se ha mejorado mediante la reducci\u00f3n de la beta-indeseables boswellic acid y proporcionando hasta 10 veces la cantidad de AKBA &#8211; su mayor\u00eda compuestos beneficiosos encontrados en unstandardized &#8211; extractos de Boswellia. La DLPA apoya la actividad saludable de las endorfinas y las encefalinas, y nattokinase ayuda a circulaci\u00f3n saludable-una caracter\u00edstica importante para la correcta entrega de nutrientes y la eficacia.*<\/p>\n<p>Curamin\u00ae; es un complemento alimenticio natural que mejora los mecanismos de defensa natural del cuerpo para el alivio del dolor debido a la sobreexplotaci\u00f3n. Es r\u00e1pido y eficaz, que apoya el cuerpo sano de la inflamaci\u00f3n respuesta a entregar ayuda como nunca antes.<\/p>\n<p>*Estas declaraciones no han sido evaluadas por la Administraci\u00f3n de Drogas y Alimentos. Estos productos NO EST\u00c1N DESTINADOS PARA DIAGNOSTICAR, TRATAR, CURAR O PREVENIR ALGUNA ENFERMEDAD<\/p>\n<p>Para obtener mas informaci\u00f3n, por favor visite la <a href=\"http:\/\/www.get-painrelief.com\/\" target=\"_blank\" rel=\"noopener\"><u>p\u00e1gina<\/u><\/a> del producto.<\/p>\n","protected":false},"featured_media":37595,"comment_status":"open","ping_status":"closed","template":"","meta":[],"product_cat":[29],"product_tag":[],"class_list":{"0":"post-95","1":"product","2":"type-product","3":"status-publish","4":"has-post-thumbnail","6":"product_brand-europharma","7":"product_cat-curamin-pain","9":"first","10":"outofstock","11":"sale","12":"featured","13":"taxable","14":"shipping-taxable","15":"purchasable","16":"product-type-simple"},"yoast_head":"<!-- This site is optimized with the Yoast SEO plugin v27.5 - https:\/\/yoast.com\/product\/yoast-seo-wordpress\/ -->\n<title>Curamin \u00ae #120<\/title>\n<meta name=\"description\" content=\"120 C\u00e1psulas Curamin\u00ae; eltama\u00f1o de la porci\u00f3n: 2 c\u00e1psulas60 porciones por envase. Curamin&#039;s todos los ingredientes naturales que incluyen: la curcumina, curcuminoids, dl phenylananine, Boswellia y Nattokinase.\" \/>\n<meta name=\"robots\" content=\"index, follow, max-snippet:-1, max-image-preview:large, max-video-preview:-1\" \/>\n<link rel=\"canonical\" href=\"https:\/\/imsnaturally.com\/es\/product\/curamin-120\/\" \/>\n<meta property=\"og:locale\" content=\"es_MX\" \/>\n<meta property=\"og:locale:alternate\" content=\"en_US\" \/>\n<meta property=\"og:type\" content=\"article\" \/>\n<meta property=\"og:title\" content=\"Curamin \u00ae #120\" \/>\n<meta property=\"og:description\" content=\"120 C\u00e1psulas Curamin\u00ae; eltama\u00f1o de la porci\u00f3n: 2 c\u00e1psulas60 porciones por envase. Curamin&#039;s todos los ingredientes naturales que incluyen: la curcumina, curcuminoids, dl phenylananine, Boswellia y Nattokinase.\" \/>\n<meta property=\"og:url\" content=\"https:\/\/imsnaturally.com\/es\/product\/curamin-120\/\" \/>\n<meta property=\"og:site_name\" content=\"IMS Naturally \/ IMS Supplements, Inc.\" \/>\n<meta property=\"article:modified_time\" content=\"2025-11-14T20:40:41+00:00\" \/>\n<meta property=\"og:image\" content=\"https:\/\/imsnaturally.com\/wp-content\/uploads\/2022\/07\/curamin120.jpg\" \/>\n\t<meta property=\"og:image:width\" content=\"1500\" \/>\n\t<meta property=\"og:image:height\" content=\"1317\" \/>\n\t<meta property=\"og:image:type\" content=\"image\/jpeg\" \/>\n<meta name=\"twitter:card\" content=\"summary_large_image\" \/>\n<meta name=\"twitter:label1\" content=\"Tiempo de lectura\" \/>\n\t<meta name=\"twitter:data1\" content=\"1 minuto\" \/>\n<script type=\"application\/ld+json\" class=\"yoast-schema-graph\">{\"@context\":\"https:\\\/\\\/schema.org\",\"@graph\":[{\"@type\":\"WebPage\",\"@id\":\"https:\\\/\\\/imsnaturally.com\\\/product\\\/curamin-120\\\/\",\"url\":\"https:\\\/\\\/imsnaturally.com\\\/product\\\/curamin-120\\\/\",\"name\":\"Curamin \u00ae #120\",\"isPartOf\":{\"@id\":\"https:\\\/\\\/imsnaturally.com\\\/#website\"},\"primaryImageOfPage\":{\"@id\":\"https:\\\/\\\/imsnaturally.com\\\/product\\\/curamin-120\\\/#primaryimage\"},\"image\":{\"@id\":\"https:\\\/\\\/imsnaturally.com\\\/product\\\/curamin-120\\\/#primaryimage\"},\"thumbnailUrl\":\"https:\\\/\\\/imsnaturally.com\\\/wp-content\\\/uploads\\\/2022\\\/07\\\/curamin120.jpg\",\"datePublished\":\"2022-07-20T12:50:28+00:00\",\"dateModified\":\"2025-11-14T20:40:41+00:00\",\"description\":\"120 C\u00e1psulas Curamin\u00ae; eltama\u00f1o de la porci\u00f3n: 2 c\u00e1psulas60 porciones por envase. Curamin's todos los ingredientes naturales que incluyen: la curcumina, curcuminoids, dl phenylananine, Boswellia y Nattokinase.\",\"breadcrumb\":{\"@id\":\"https:\\\/\\\/imsnaturally.com\\\/product\\\/curamin-120\\\/#breadcrumb\"},\"inLanguage\":\"es-MX\",\"potentialAction\":[{\"@type\":\"ReadAction\",\"target\":[\"https:\\\/\\\/imsnaturally.com\\\/product\\\/curamin-120\\\/\"]}]},{\"@type\":\"ImageObject\",\"inLanguage\":\"es-MX\",\"@id\":\"https:\\\/\\\/imsnaturally.com\\\/product\\\/curamin-120\\\/#primaryimage\",\"url\":\"https:\\\/\\\/imsnaturally.com\\\/wp-content\\\/uploads\\\/2022\\\/07\\\/curamin120.jpg\",\"contentUrl\":\"https:\\\/\\\/imsnaturally.com\\\/wp-content\\\/uploads\\\/2022\\\/07\\\/curamin120.jpg\",\"width\":1500,\"height\":1317,\"caption\":\"Curamin #120\"},{\"@type\":\"BreadcrumbList\",\"@id\":\"https:\\\/\\\/imsnaturally.com\\\/product\\\/curamin-120\\\/#breadcrumb\",\"itemListElement\":[{\"@type\":\"ListItem\",\"position\":1,\"name\":\"Home\",\"item\":\"https:\\\/\\\/imsnaturally.com\\\/\"},{\"@type\":\"ListItem\",\"position\":2,\"name\":\"Shop\",\"item\":\"https:\\\/\\\/imsnaturally.com\\\/shop\\\/\"},{\"@type\":\"ListItem\",\"position\":3,\"name\":\"Curamin \u00ae #120\"}]},{\"@type\":\"WebSite\",\"@id\":\"https:\\\/\\\/imsnaturally.com\\\/#website\",\"url\":\"https:\\\/\\\/imsnaturally.com\\\/\",\"name\":\"IMS Naturally \\\/ IMS Supplements, Inc.\",\"description\":\"\",\"publisher\":{\"@id\":\"https:\\\/\\\/imsnaturally.com\\\/#organization\"},\"potentialAction\":[{\"@type\":\"SearchAction\",\"target\":{\"@type\":\"EntryPoint\",\"urlTemplate\":\"https:\\\/\\\/imsnaturally.com\\\/?s={search_term_string}\"},\"query-input\":{\"@type\":\"PropertyValueSpecification\",\"valueRequired\":true,\"valueName\":\"search_term_string\"}}],\"inLanguage\":\"es-MX\"},{\"@type\":\"Organization\",\"@id\":\"https:\\\/\\\/imsnaturally.com\\\/#organization\",\"name\":\"IMS Naturally \\\/ IMS Supplements, Inc.\",\"url\":\"https:\\\/\\\/imsnaturally.com\\\/\",\"logo\":{\"@type\":\"ImageObject\",\"inLanguage\":\"es-MX\",\"@id\":\"https:\\\/\\\/imsnaturally.com\\\/#\\\/schema\\\/logo\\\/image\\\/\",\"url\":\"https:\\\/\\\/imsnaturally.com\\\/wp-content\\\/uploads\\\/2022\\\/07\\\/logo.jpg\",\"contentUrl\":\"https:\\\/\\\/imsnaturally.com\\\/wp-content\\\/uploads\\\/2022\\\/07\\\/logo.jpg\",\"width\":375,\"height\":79,\"caption\":\"IMS Naturally \\\/ IMS Supplements, Inc.\"},\"image\":{\"@id\":\"https:\\\/\\\/imsnaturally.com\\\/#\\\/schema\\\/logo\\\/image\\\/\"}}]}<\/script>\n<!-- \/ Yoast SEO plugin. -->","yoast_head_json":{"title":"Curamin \u00ae #120","description":"120 C\u00e1psulas Curamin\u00ae; eltama\u00f1o de la porci\u00f3n: 2 c\u00e1psulas60 porciones por envase. Curamin's todos los ingredientes naturales que incluyen: la curcumina, curcuminoids, dl phenylananine, Boswellia y Nattokinase.","robots":{"index":"index","follow":"follow","max-snippet":"max-snippet:-1","max-image-preview":"max-image-preview:large","max-video-preview":"max-video-preview:-1"},"canonical":"https:\/\/imsnaturally.com\/es\/product\/curamin-120\/","og_locale":"es_MX","og_type":"article","og_title":"[:en]Curamin \u00ae #120[:es]Curamin \u00ae #120[:] - IMS Naturally \/ IMS Supplements, Inc.","og_description":"[:en]Curamin\u00ae; 120 CapsulesServing Size: 2 capsules60 Servings Per Container. Curamin's all natural ingredients include: Curcumin, curcuminoids, dl phenylananine, Boswellia and Nattokinase.[:es]120 C\u00e1psulas Curamin\u00ae; eltama\u00f1o de la porci\u00f3n: 2 c\u00e1psulas60 porciones por envase. Curamin's todos los ingredientes naturales que incluyen: la curcumina, curcuminoids, dl phenylananine, Boswellia y Nattokinase.[:]","og_url":"https:\/\/imsnaturally.com\/es\/product\/curamin-120\/","og_site_name":"IMS Naturally \/ IMS Supplements, Inc.","article_modified_time":"2025-11-14T20:40:41+00:00","og_image":[{"width":1500,"height":1317,"url":"https:\/\/imsnaturally.com\/wp-content\/uploads\/2022\/07\/curamin120.jpg","type":"image\/jpeg"}],"twitter_card":"summary_large_image","twitter_misc":{"Tiempo de lectura":"1 minuto"},"schema":{"@context":"https:\/\/schema.org","@graph":[{"@type":"WebPage","@id":"https:\/\/imsnaturally.com\/product\/curamin-120\/","url":"https:\/\/imsnaturally.com\/product\/curamin-120\/","name":"Curamin \u00ae #120","isPartOf":{"@id":"https:\/\/imsnaturally.com\/#website"},"primaryImageOfPage":{"@id":"https:\/\/imsnaturally.com\/product\/curamin-120\/#primaryimage"},"image":{"@id":"https:\/\/imsnaturally.com\/product\/curamin-120\/#primaryimage"},"thumbnailUrl":"https:\/\/imsnaturally.com\/wp-content\/uploads\/2022\/07\/curamin120.jpg","datePublished":"2022-07-20T12:50:28+00:00","dateModified":"2025-11-14T20:40:41+00:00","description":"120 C\u00e1psulas Curamin\u00ae; eltama\u00f1o de la porci\u00f3n: 2 c\u00e1psulas60 porciones por envase. Curamin's todos los ingredientes naturales que incluyen: la curcumina, curcuminoids, dl phenylananine, Boswellia y Nattokinase.","breadcrumb":{"@id":"https:\/\/imsnaturally.com\/product\/curamin-120\/#breadcrumb"},"inLanguage":"es-MX","potentialAction":[{"@type":"ReadAction","target":["https:\/\/imsnaturally.com\/product\/curamin-120\/"]}]},{"@type":"ImageObject","inLanguage":"es-MX","@id":"https:\/\/imsnaturally.com\/product\/curamin-120\/#primaryimage","url":"https:\/\/imsnaturally.com\/wp-content\/uploads\/2022\/07\/curamin120.jpg","contentUrl":"https:\/\/imsnaturally.com\/wp-content\/uploads\/2022\/07\/curamin120.jpg","width":1500,"height":1317,"caption":"Curamin #120"},{"@type":"BreadcrumbList","@id":"https:\/\/imsnaturally.com\/product\/curamin-120\/#breadcrumb","itemListElement":[{"@type":"ListItem","position":1,"name":"Home","item":"https:\/\/imsnaturally.com\/"},{"@type":"ListItem","position":2,"name":"Shop","item":"https:\/\/imsnaturally.com\/shop\/"},{"@type":"ListItem","position":3,"name":"Curamin \u00ae #120"}]},{"@type":"WebSite","@id":"https:\/\/imsnaturally.com\/#website","url":"https:\/\/imsnaturally.com\/","name":"IMS Naturally \/ IMS Supplements, Inc.","description":"","publisher":{"@id":"https:\/\/imsnaturally.com\/#organization"},"potentialAction":[{"@type":"SearchAction","target":{"@type":"EntryPoint","urlTemplate":"https:\/\/imsnaturally.com\/?s={search_term_string}"},"query-input":{"@type":"PropertyValueSpecification","valueRequired":true,"valueName":"search_term_string"}}],"inLanguage":"es-MX"},{"@type":"Organization","@id":"https:\/\/imsnaturally.com\/#organization","name":"IMS Naturally \/ IMS Supplements, Inc.","url":"https:\/\/imsnaturally.com\/","logo":{"@type":"ImageObject","inLanguage":"es-MX","@id":"https:\/\/imsnaturally.com\/#\/schema\/logo\/image\/","url":"https:\/\/imsnaturally.com\/wp-content\/uploads\/2022\/07\/logo.jpg","contentUrl":"https:\/\/imsnaturally.com\/wp-content\/uploads\/2022\/07\/logo.jpg","width":375,"height":79,"caption":"IMS Naturally \/ IMS Supplements, Inc."},"image":{"@id":"https:\/\/imsnaturally.com\/#\/schema\/logo\/image\/"}}]}},"_links":{"self":[{"href":"https:\/\/imsnaturally.com\/es\/wp-json\/wp\/v2\/product\/95","targetHints":{"allow":["GET"]}}],"collection":[{"href":"https:\/\/imsnaturally.com\/es\/wp-json\/wp\/v2\/product"}],"about":[{"href":"https:\/\/imsnaturally.com\/es\/wp-json\/wp\/v2\/types\/product"}],"replies":[{"embeddable":true,"href":"https:\/\/imsnaturally.com\/es\/wp-json\/wp\/v2\/comments?post=95"}],"wp:featuredmedia":[{"embeddable":true,"href":"https:\/\/imsnaturally.com\/es\/wp-json\/wp\/v2\/media\/37595"}],"wp:attachment":[{"href":"https:\/\/imsnaturally.com\/es\/wp-json\/wp\/v2\/media?parent=95"}],"wp:term":[{"taxonomy":"product_cat","embeddable":true,"href":"https:\/\/imsnaturally.com\/es\/wp-json\/wp\/v2\/product_cat?post=95"},{"taxonomy":"product_tag","embeddable":true,"href":"https:\/\/imsnaturally.com\/es\/wp-json\/wp\/v2\/product_tag?post=95"}],"curies":[{"name":"wp","href":"https:\/\/api.w.org\/{rel}","templated":true}]}}