{"id":89,"date":"2022-07-20T12:50:27","date_gmt":"2022-07-20T12:50:27","guid":{"rendered":"https:\/\/www.imsnaturally.com\/?post_type=product&#038;p=89"},"modified":"2022-07-26T08:56:28","modified_gmt":"2022-07-26T08:56:28","slug":"white-flower-20-ml","status":"publish","type":"product","link":"https:\/\/imsnaturally.com\/es\/product\/white-flower-20-ml\/","title":{"rendered":"White Flower 20 ml"},"content":{"rendered":"","protected":false},"excerpt":{"rendered":"<p>Ingredientes: 6% de alcanfor, mentol, salicilato de metilo 15% ingredientes: aceite de eucalipto, aceite de lavanda y menta. Nos han dicho que muchos de nuestros clientes sobre este producto antes de hacerla disponible aqu\u00ed. Es simplemente incre\u00edble la cantidad de alivio que ofrece. Este producto es s\u00f3lo para uso externo. A diferencia de las costosas cremas vendidas en tubos este producto aumenta la distancia a menudo con una sola botella duran meses. La historia de este producto es como sigue: Flor Blanca B\u00e1lsamo analg\u00e9sico es conocido en todo el mundo. El producto fue desarrollado en 1927 por Gan Geog Eng, un residente de Singapur. El l\u00edquido era originalmente hechas \u00fanicamente para uso privado, pero la familia, amigos y conocidos, la prob\u00e9 y me gust\u00f3 tanto que convencieron al Sr. gan a producir sobre una base comercial. \u00c9l la llamaba Pak Fah Yeow (tambi\u00e9n escrito Bai Hua usted, lo que significa flor blanca aceite), llamado as\u00ed por sus flores favoritas, el blanco de Narciso. La marca fue registrada en 1935. Tras el \u00e9xito inicial en Singapur y Penang, Sr. Gan hab\u00eda decidido entrar en el mercado de Hong Kong en 1951, consider\u00e1ndolo como un gran mercado potencial e ideal centro de fabricaci\u00f3n. Con una serie de amplias campa\u00f1as de marketing, publicidad exterior, y endoso por conocidos actores de la \u00f3pera china, Aceite de flores blancas se convirti\u00f3 en un producto l\u00edder en el Lejano Oriente. Flor Blanca B\u00e1lsamo analg\u00e9sico es fabricado por Hoe Hin Pak Fah Yeow Manufactory Limited, Hong Kong bajo un estricto control de calidad y GMP Compliance. Las direcciones de adultos y ni\u00f1os de 3 a\u00f1os de edad y mayores: Aplique unas gotas luego frote suavemente en el \u00e1rea afectada no m\u00e1s de 3 a 4 veces al d\u00eda. Los ni\u00f1os menores de 3 a\u00f1os: no utilizar, consulte a un m\u00e9dico. Consulte advertencias anteriores; el uso de otra manera que como se indica puede ser peligroso. &#8220;Avisos&#8221; s\u00f3lo para uso externo. No utilizar sobre heridas en la piel da\u00f1ada distinto de como se indica como tal uso puede ser peligroso. Cuando se utiliza este producto no venda firmemente evitar el contacto con los ojos o las membranas mucosas. Deje de tomarla y consulte con el doctor si la condici\u00f3n empeora los s\u00edntomas persisten por m\u00e1s de 7 d\u00edas de s\u00edntomas desaparecen y vuelven a ocurrir dentro de unos d\u00edas. Detener si una excesiva irritaci\u00f3n de la piel se desarrolla, n\u00e1usea, v\u00f3mito, malestar abdominal, diarrea, erupci\u00f3n cut\u00e1nea o se produce cuando se utilizan para el dolor de artritis: el dolor persiste por m\u00e1s de 10 d\u00edas se presenta enrojecimiento en las condiciones que afectan a los ni\u00f1os menores de 12 a\u00f1os de edad. Mantener fuera del alcance de los ni\u00f1os. En caso de ingesti\u00f3n, obtenga ayuda m\u00e9dica o p\u00f3ngase en contacto con un Centro de control de envenenamiento inmediatamente.<\/p>\n","protected":false},"featured_media":168,"comment_status":"open","ping_status":"closed","template":"","meta":[],"product_cat":[39],"product_tag":[],"class_list":{"0":"post-89","1":"product","2":"type-product","3":"status-publish","4":"has-post-thumbnail","6":"product_brand-hoe-hin-pak-fah-manufactory-ltd","7":"product_cat-white-flower-analgesic-balm","9":"first","10":"instock","11":"sale","12":"featured","13":"taxable","14":"shipping-taxable","15":"purchasable","16":"product-type-simple"},"yoast_head":"<!-- This site is optimized with the Yoast SEO plugin v27.4 - https:\/\/yoast.com\/product\/yoast-seo-wordpress\/ -->\n<title>White Flower 20 ml<\/title>\n<meta name=\"description\" content=\"Flor Blanca B\u00e1lsamo analg\u00e9sico es conocido en todo el mundo. El producto fue desarrollado en 1927 por Gan Geog Eng, un residente de Singapur. El l\u00edquido era originalmente hechas \u00fanicamente para uso privado, pero la familia, amigos y conocidos, la prob\u00e9 y me gust\u00f3 tanto que convencieron al Sr. gan a producir sobre una base comercial.\" \/>\n<meta name=\"robots\" content=\"index, follow, max-snippet:-1, max-image-preview:large, max-video-preview:-1\" \/>\n<link rel=\"canonical\" href=\"https:\/\/imsnaturally.com\/es\/product\/white-flower-20-ml\/\" \/>\n<meta property=\"og:locale\" content=\"es_MX\" \/>\n<meta property=\"og:locale:alternate\" content=\"en_US\" \/>\n<meta property=\"og:type\" content=\"article\" \/>\n<meta property=\"og:title\" content=\"White Flower 20 ml\" \/>\n<meta property=\"og:description\" content=\"Flor Blanca B\u00e1lsamo analg\u00e9sico es conocido en todo el mundo. El producto fue desarrollado en 1927 por Gan Geog Eng, un residente de Singapur. El l\u00edquido era originalmente hechas \u00fanicamente para uso privado, pero la familia, amigos y conocidos, la prob\u00e9 y me gust\u00f3 tanto que convencieron al Sr. gan a producir sobre una base comercial.\" \/>\n<meta property=\"og:url\" content=\"https:\/\/imsnaturally.com\/es\/product\/white-flower-20-ml\/\" \/>\n<meta property=\"og:site_name\" content=\"IMS Naturally \/ IMS Supplements, Inc.\" \/>\n<meta property=\"article:modified_time\" content=\"2022-07-26T08:56:28+00:00\" \/>\n<meta property=\"og:image\" content=\"https:\/\/imsnaturally.com\/wp-content\/uploads\/2022\/07\/white-flower-20.jpg\" \/>\n\t<meta property=\"og:image:width\" content=\"400\" \/>\n\t<meta property=\"og:image:height\" content=\"400\" \/>\n\t<meta property=\"og:image:type\" content=\"image\/jpeg\" \/>\n<meta name=\"twitter:card\" content=\"summary_large_image\" \/>\n<script type=\"application\/ld+json\" class=\"yoast-schema-graph\">{\"@context\":\"https:\\\/\\\/schema.org\",\"@graph\":[{\"@type\":\"WebPage\",\"@id\":\"https:\\\/\\\/imsnaturally.com\\\/es\\\/product\\\/white-flower-20-ml\\\/\",\"url\":\"https:\\\/\\\/imsnaturally.com\\\/es\\\/product\\\/white-flower-20-ml\\\/\",\"name\":\"White Flower 20 ml\",\"isPartOf\":{\"@id\":\"https:\\\/\\\/imsnaturally.com\\\/#website\"},\"primaryImageOfPage\":{\"@id\":\"https:\\\/\\\/imsnaturally.com\\\/es\\\/product\\\/white-flower-20-ml\\\/#primaryimage\"},\"image\":{\"@id\":\"https:\\\/\\\/imsnaturally.com\\\/es\\\/product\\\/white-flower-20-ml\\\/#primaryimage\"},\"thumbnailUrl\":\"https:\\\/\\\/imsnaturally.com\\\/wp-content\\\/uploads\\\/2022\\\/07\\\/white-flower-20.jpg\",\"datePublished\":\"2022-07-20T12:50:27+00:00\",\"dateModified\":\"2022-07-26T08:56:28+00:00\",\"description\":\"Flor Blanca B\u00e1lsamo analg\u00e9sico es conocido en todo el mundo. El producto fue desarrollado en 1927 por Gan Geog Eng, un residente de Singapur. El l\u00edquido era originalmente hechas \u00fanicamente para uso privado, pero la familia, amigos y conocidos, la prob\u00e9 y me gust\u00f3 tanto que convencieron al Sr. gan a producir sobre una base comercial.\",\"breadcrumb\":{\"@id\":\"https:\\\/\\\/imsnaturally.com\\\/es\\\/product\\\/white-flower-20-ml\\\/#breadcrumb\"},\"inLanguage\":\"es-MX\",\"potentialAction\":[{\"@type\":\"ReadAction\",\"target\":[\"https:\\\/\\\/imsnaturally.com\\\/es\\\/product\\\/white-flower-20-ml\\\/\"]}]},{\"@type\":\"ImageObject\",\"inLanguage\":\"es-MX\",\"@id\":\"https:\\\/\\\/imsnaturally.com\\\/es\\\/product\\\/white-flower-20-ml\\\/#primaryimage\",\"url\":\"https:\\\/\\\/imsnaturally.com\\\/wp-content\\\/uploads\\\/2022\\\/07\\\/white-flower-20.jpg\",\"contentUrl\":\"https:\\\/\\\/imsnaturally.com\\\/wp-content\\\/uploads\\\/2022\\\/07\\\/white-flower-20.jpg\",\"width\":400,\"height\":400},{\"@type\":\"BreadcrumbList\",\"@id\":\"https:\\\/\\\/imsnaturally.com\\\/es\\\/product\\\/white-flower-20-ml\\\/#breadcrumb\",\"itemListElement\":[{\"@type\":\"ListItem\",\"position\":1,\"name\":\"Home\",\"item\":\"https:\\\/\\\/imsnaturally.com\\\/\"},{\"@type\":\"ListItem\",\"position\":2,\"name\":\"Shop\",\"item\":\"https:\\\/\\\/imsnaturally.com\\\/shop\\\/\"},{\"@type\":\"ListItem\",\"position\":3,\"name\":\"White Flower 20 ml\"}]},{\"@type\":\"WebSite\",\"@id\":\"https:\\\/\\\/imsnaturally.com\\\/#website\",\"url\":\"https:\\\/\\\/imsnaturally.com\\\/\",\"name\":\"IMS Naturally \\\/ IMS Supplements, Inc.\",\"description\":\"\",\"publisher\":{\"@id\":\"https:\\\/\\\/imsnaturally.com\\\/#organization\"},\"potentialAction\":[{\"@type\":\"SearchAction\",\"target\":{\"@type\":\"EntryPoint\",\"urlTemplate\":\"https:\\\/\\\/imsnaturally.com\\\/?s={search_term_string}\"},\"query-input\":{\"@type\":\"PropertyValueSpecification\",\"valueRequired\":true,\"valueName\":\"search_term_string\"}}],\"inLanguage\":\"es-MX\"},{\"@type\":\"Organization\",\"@id\":\"https:\\\/\\\/imsnaturally.com\\\/#organization\",\"name\":\"IMS Naturally \\\/ IMS Supplements, Inc.\",\"url\":\"https:\\\/\\\/imsnaturally.com\\\/\",\"logo\":{\"@type\":\"ImageObject\",\"inLanguage\":\"es-MX\",\"@id\":\"https:\\\/\\\/imsnaturally.com\\\/#\\\/schema\\\/logo\\\/image\\\/\",\"url\":\"https:\\\/\\\/imsnaturally.com\\\/wp-content\\\/uploads\\\/2022\\\/07\\\/logo.jpg\",\"contentUrl\":\"https:\\\/\\\/imsnaturally.com\\\/wp-content\\\/uploads\\\/2022\\\/07\\\/logo.jpg\",\"width\":375,\"height\":79,\"caption\":\"IMS Naturally \\\/ IMS Supplements, Inc.\"},\"image\":{\"@id\":\"https:\\\/\\\/imsnaturally.com\\\/#\\\/schema\\\/logo\\\/image\\\/\"}}]}<\/script>\n<!-- \/ Yoast SEO plugin. -->","yoast_head_json":{"title":"White Flower 20 ml","description":"Flor Blanca B\u00e1lsamo analg\u00e9sico es conocido en todo el mundo. El producto fue desarrollado en 1927 por Gan Geog Eng, un residente de Singapur. El l\u00edquido era originalmente hechas \u00fanicamente para uso privado, pero la familia, amigos y conocidos, la prob\u00e9 y me gust\u00f3 tanto que convencieron al Sr. gan a producir sobre una base comercial.","robots":{"index":"index","follow":"follow","max-snippet":"max-snippet:-1","max-image-preview":"max-image-preview:large","max-video-preview":"max-video-preview:-1"},"canonical":"https:\/\/imsnaturally.com\/es\/product\/white-flower-20-ml\/","og_locale":"es_MX","og_type":"article","og_title":"[:en]White Flower 20 ml[:es]White Flower 20 ml[:] - IMS Naturally \/ IMS Supplements, Inc.","og_description":"Flor Blanca B\u00e1lsamo analg\u00e9sico es conocido en todo el mundo. El producto fue desarrollado en 1927 por Gan Geog Eng, un residente de Singapur. El l\u00edquido era originalmente hechas \u00fanicamente para uso privado, pero la familia, amigos y conocidos, la prob\u00e9 y me gust\u00f3 tanto que convencieron al Sr. gan a producir sobre una base comercial.","og_url":"https:\/\/imsnaturally.com\/es\/product\/white-flower-20-ml\/","og_site_name":"IMS Naturally \/ IMS Supplements, Inc.","article_modified_time":"2022-07-26T08:56:28+00:00","og_image":[{"width":400,"height":400,"url":"https:\/\/imsnaturally.com\/wp-content\/uploads\/2022\/07\/white-flower-20.jpg","type":"image\/jpeg"}],"twitter_card":"summary_large_image","schema":{"@context":"https:\/\/schema.org","@graph":[{"@type":"WebPage","@id":"https:\/\/imsnaturally.com\/es\/product\/white-flower-20-ml\/","url":"https:\/\/imsnaturally.com\/es\/product\/white-flower-20-ml\/","name":"White Flower 20 ml","isPartOf":{"@id":"https:\/\/imsnaturally.com\/#website"},"primaryImageOfPage":{"@id":"https:\/\/imsnaturally.com\/es\/product\/white-flower-20-ml\/#primaryimage"},"image":{"@id":"https:\/\/imsnaturally.com\/es\/product\/white-flower-20-ml\/#primaryimage"},"thumbnailUrl":"https:\/\/imsnaturally.com\/wp-content\/uploads\/2022\/07\/white-flower-20.jpg","datePublished":"2022-07-20T12:50:27+00:00","dateModified":"2022-07-26T08:56:28+00:00","description":"Flor Blanca B\u00e1lsamo analg\u00e9sico es conocido en todo el mundo. El producto fue desarrollado en 1927 por Gan Geog Eng, un residente de Singapur. El l\u00edquido era originalmente hechas \u00fanicamente para uso privado, pero la familia, amigos y conocidos, la prob\u00e9 y me gust\u00f3 tanto que convencieron al Sr. gan a producir sobre una base comercial.","breadcrumb":{"@id":"https:\/\/imsnaturally.com\/es\/product\/white-flower-20-ml\/#breadcrumb"},"inLanguage":"es-MX","potentialAction":[{"@type":"ReadAction","target":["https:\/\/imsnaturally.com\/es\/product\/white-flower-20-ml\/"]}]},{"@type":"ImageObject","inLanguage":"es-MX","@id":"https:\/\/imsnaturally.com\/es\/product\/white-flower-20-ml\/#primaryimage","url":"https:\/\/imsnaturally.com\/wp-content\/uploads\/2022\/07\/white-flower-20.jpg","contentUrl":"https:\/\/imsnaturally.com\/wp-content\/uploads\/2022\/07\/white-flower-20.jpg","width":400,"height":400},{"@type":"BreadcrumbList","@id":"https:\/\/imsnaturally.com\/es\/product\/white-flower-20-ml\/#breadcrumb","itemListElement":[{"@type":"ListItem","position":1,"name":"Home","item":"https:\/\/imsnaturally.com\/"},{"@type":"ListItem","position":2,"name":"Shop","item":"https:\/\/imsnaturally.com\/shop\/"},{"@type":"ListItem","position":3,"name":"White Flower 20 ml"}]},{"@type":"WebSite","@id":"https:\/\/imsnaturally.com\/#website","url":"https:\/\/imsnaturally.com\/","name":"IMS Naturally \/ IMS Supplements, Inc.","description":"","publisher":{"@id":"https:\/\/imsnaturally.com\/#organization"},"potentialAction":[{"@type":"SearchAction","target":{"@type":"EntryPoint","urlTemplate":"https:\/\/imsnaturally.com\/?s={search_term_string}"},"query-input":{"@type":"PropertyValueSpecification","valueRequired":true,"valueName":"search_term_string"}}],"inLanguage":"es-MX"},{"@type":"Organization","@id":"https:\/\/imsnaturally.com\/#organization","name":"IMS Naturally \/ IMS Supplements, Inc.","url":"https:\/\/imsnaturally.com\/","logo":{"@type":"ImageObject","inLanguage":"es-MX","@id":"https:\/\/imsnaturally.com\/#\/schema\/logo\/image\/","url":"https:\/\/imsnaturally.com\/wp-content\/uploads\/2022\/07\/logo.jpg","contentUrl":"https:\/\/imsnaturally.com\/wp-content\/uploads\/2022\/07\/logo.jpg","width":375,"height":79,"caption":"IMS Naturally \/ IMS Supplements, Inc."},"image":{"@id":"https:\/\/imsnaturally.com\/#\/schema\/logo\/image\/"}}]}},"_links":{"self":[{"href":"https:\/\/imsnaturally.com\/es\/wp-json\/wp\/v2\/product\/89","targetHints":{"allow":["GET"]}}],"collection":[{"href":"https:\/\/imsnaturally.com\/es\/wp-json\/wp\/v2\/product"}],"about":[{"href":"https:\/\/imsnaturally.com\/es\/wp-json\/wp\/v2\/types\/product"}],"replies":[{"embeddable":true,"href":"https:\/\/imsnaturally.com\/es\/wp-json\/wp\/v2\/comments?post=89"}],"wp:featuredmedia":[{"embeddable":true,"href":"https:\/\/imsnaturally.com\/es\/wp-json\/wp\/v2\/media\/168"}],"wp:attachment":[{"href":"https:\/\/imsnaturally.com\/es\/wp-json\/wp\/v2\/media?parent=89"}],"wp:term":[{"taxonomy":"product_cat","embeddable":true,"href":"https:\/\/imsnaturally.com\/es\/wp-json\/wp\/v2\/product_cat?post=89"},{"taxonomy":"product_tag","embeddable":true,"href":"https:\/\/imsnaturally.com\/es\/wp-json\/wp\/v2\/product_tag?post=89"}],"curies":[{"name":"wp","href":"https:\/\/api.w.org\/{rel}","templated":true}]}}