{"id":88,"date":"2022-07-20T12:50:27","date_gmt":"2022-07-20T12:50:27","guid":{"rendered":"https:\/\/www.imsnaturally.com\/?post_type=product&#038;p=88"},"modified":"2026-03-03T20:38:43","modified_gmt":"2026-03-03T20:38:43","slug":"tri-iodine-thyroid","status":"publish","type":"product","link":"https:\/\/imsnaturally.com\/es\/product\/tri-iodine-thyroid\/","title":{"rendered":"Tri-iodine\u2122 (thyroid)"},"content":{"rendered":"","protected":false},"excerpt":{"rendered":"<p><span class=\"style1\">Tri-iodine\u2122 12.5 mg para c\u00e1psulas #90 <\/span><\/p>\n<p class=\"style1\">Las recomendaciones: 1 c\u00e1psula diariamente con alimento.<\/p>\n<p class=\"style1\">El yodo es uno de los minerales m\u00e1s importantes requiri\u00f3 para la funci\u00f3n sana celular y completa metab\u00f3lica. No hay vida sin yodo y ha sido estimado que la poblaci\u00f3n entera es deficiente en el yodo. Para el apoyo de tiroides y para proteger contra formar de un bocio, cantidades s\u00f3lo peque\u00f1as de yodo son requeridas. Pero hoy, los m\u00e9dicos han encontrado que todos los tejidos del cuerpo requiere yodo. Los senos, los ovarios, tejido de \u00fatero y pr\u00f3stata requiere cantidades grandes de yodo. En los 1900 tempranos el Dr. Szent-Gy\u00d6rgyi, el descubridor de vitamina C, fue informado para haber dicho que ellos no supieron lo que yodo hizo en t\u00e9rminos m\u00e9dicos pero hizo todo bueno y fue utilizado para casi todas las condiciones de salud. Tambi\u00e9n es informado que \u00e9l \u00e9l mismo ingiri\u00f3 1.000 mg por d\u00eda de yodo. La calidad de la salud de mujeres japonesas es muy superior a mujeres en Estados Unidos. Ha sido estimado que mujeres japonesas ingieren 12,5 mg de yodo diariamente. En la isla de Okinawa hay un porcentaje m\u00e1s alto de personas m\u00e1s de 100 que dondequiera m\u00e1s en el mundo. Ha sido informado que ingieren, por su dieta, 80 a 200 mg de yodo diariamente. \u00bfPodr\u00eda ser el yodo el eslab\u00f3n perdido a la salud buena? Seg\u00fan varios m\u00e9dicos hol\u00edsticos, la respuesta ser\u00eda s\u00ed. El libro por Dr. David Brownstein, el Yodo, por qu\u00e9 Usted Lo Necesita y por qu\u00e9 Usted no Puede Vivir Sin Ello, lo diga todo.*<\/p>\n<p class=\"style1\">&#8220;Yodo es el alimento nutritivo m\u00e1s entendida mal. Despu\u00e9s de 12 a\u00f1os de la medicina practicante, yo puedo decir que es imposible lograr su salud \u00f3ptima si usted no tiene niveles adecuados de yodo. Tengo para ver todav\u00eda cualquier art\u00edculo que es m\u00e1s importante a promover la salud u optimizar la funci\u00f3n del sistema inmunol\u00f3gico que yodo&#8221;. -David Brownstein, M.D.<\/p>\n<p class=\"style1\">Los HECHOS del SUPLEMENTO que Sirven Tama\u00f1o: 1 C\u00e1psula<\/p>\n<p class=\"style1\">Las porciones Por Contenedor: 90 C\u00e1psulas,<\/p>\n<p class=\"style1\">El mg de 12.5 de yodo 8333% (5 mg como yodo molecular, 5 mg como yoduro de sodio, y 2,5 mg como yoduro de potasio)<\/p>\n<p class=\"style1\">Otros Ingredientes: Las c\u00e1psulas &#8211; Celulosa, c\u00e1psula vegetal (methylcellulose de hydroxypropyl, el agua), L-leucine, y bi\u00f3xido de silicio. Las tabletas &#8211; Celulosa, \u00e1cido de stearic, sodio de carboxymethylcellulose, bi\u00f3xido de silicio, stearate de magnesio, y capa de ethylcellulose.<\/p>\n<p class=\"style1\">Contiene no: az\u00facar, la soja, la levadura, el trigo, el gluten, el ma\u00edz, los productos l\u00e1cteos, el aromatizante artificial ni los conservantes. Contiene ingredientes s\u00f3lo naturales. Las variaciones en color son normales.<\/p>\n<p class=\"style1\">Si embarazada o la enfermer\u00eda, consulta a un facultativo de asistencia m\u00e9dica antes de utilizar. Hecho en EEUU<\/p>\n<p class=\"style1\">\u00bfSupo? El yodo de la palabra es del iodes de griego, significando morado o violeta. En su fase gaseosa, el yodo de elemento toma un hermoso color rosa\/p\u00farpura, aunque sea gris cuando en la forma s\u00f3lida. En la naturaleza, las concentraciones m\u00e1s altas de yodo (como yoduro) son encontrados disuelto en la agua de mar, aunque algunos minerales y las tierras tambi\u00e9n tengan yodo. El quelpo, un tipo de alga, puede concentrar yodo y proporciona una fuente diet\u00e9tica de este elemento de otro modo relativamente raro. La sal yodado estuvo com\u00fanmente disponible en Estados Unidos por 1924 y jug\u00f3 un papel importante a reducir la incidencia de bocio, especialmente en estados del medioeste. Sin embargo, los expertos se sienten que consumo de yodo en tiempos presentes ha disminuido como muchas personas ahora evitan el uso de sal en sus dietas.<\/p>\n<p class=\"style1\">Los art\u00edculos el 11 de marzo de 2011 &#8211; Entrevista V\u00eddeo de Dr. Jacob Teitelbaum en Su Protocolo de BRILLO para el Dolor<\/p>\n<p class=\"style1\">*ESTOS no de DECLARACIONES HA SIDO EVALUADO POR EL ALIMENTO Y la ADMINISTRACION de DROGA. ESTOS PRODUCTOS no SON PENSADOS DIAGNOSTICAR, TRATAR, CURAR ni PREVENIR la ENFERMEDAD.<\/p>\n<p>&nbsp;<br \/>\nPara obtener mas informaci\u00f3n, por favor visite la <a href=\"https:\/\/www.europharmausa.com\/tri-iodine\" target=\"_blank\" rel=\"noopener\"><u>p\u00e1gina<\/u><\/a> del producto.<\/p>\n","protected":false},"featured_media":37593,"comment_status":"open","ping_status":"closed","template":"","meta":[],"product_cat":[38],"product_tag":[],"class_list":{"0":"post-88","1":"product","2":"type-product","3":"status-publish","4":"has-post-thumbnail","6":"product_brand-europharma","7":"product_cat-tri-iodine-thyroid","9":"first","10":"instock","11":"sale","12":"taxable","13":"shipping-taxable","14":"purchasable","15":"product-type-simple"},"yoast_head":"<!-- This site is optimized with the Yoast SEO plugin v27.5 - https:\/\/yoast.com\/product\/yoast-seo-wordpress\/ -->\n<title>Tri-iodine\u2122 (thyroid)<\/title>\n<meta name=\"description\" content=\"El yodo es uno de los minerales m\u00e1s importantes requiri\u00f3 para la funci\u00f3n sana celular y completa metab\u00f3lica. No hay vida sin yodo y ha sido estimado que la poblaci\u00f3n entera es deficiente en el yodo. Para el apoyo de tiroides y para proteger contra formar de un bocio, cantidades s\u00f3lo peque\u00f1as de yodo son requeridas. Pero hoy, los m\u00e9dicos han encontrado que todos los tejidos del cuerpo requiere yodo. Los senos, los ovarios, tejido de \u00fatero y pr\u00f3stata requiere cantidades grandes de yodo.\" \/>\n<meta name=\"robots\" content=\"index, follow, max-snippet:-1, max-image-preview:large, max-video-preview:-1\" \/>\n<link rel=\"canonical\" href=\"https:\/\/imsnaturally.com\/es\/product\/tri-iodine-thyroid\/\" \/>\n<meta property=\"og:locale\" content=\"es_MX\" \/>\n<meta property=\"og:locale:alternate\" content=\"en_US\" \/>\n<meta property=\"og:type\" content=\"article\" \/>\n<meta property=\"og:title\" content=\"Tri-iodine\u2122 (thyroid)\" \/>\n<meta property=\"og:description\" content=\"El yodo es uno de los minerales m\u00e1s importantes requiri\u00f3 para la funci\u00f3n sana celular y completa metab\u00f3lica. No hay vida sin yodo y ha sido estimado que la poblaci\u00f3n entera es deficiente en el yodo. Para el apoyo de tiroides y para proteger contra formar de un bocio, cantidades s\u00f3lo peque\u00f1as de yodo son requeridas. Pero hoy, los m\u00e9dicos han encontrado que todos los tejidos del cuerpo requiere yodo. Los senos, los ovarios, tejido de \u00fatero y pr\u00f3stata requiere cantidades grandes de yodo.\" \/>\n<meta property=\"og:url\" content=\"https:\/\/imsnaturally.com\/es\/product\/tri-iodine-thyroid\/\" \/>\n<meta property=\"og:site_name\" content=\"IMS Naturally \/ IMS Supplements, Inc.\" \/>\n<meta property=\"article:modified_time\" content=\"2026-03-03T20:38:43+00:00\" \/>\n<meta property=\"og:image\" content=\"https:\/\/imsnaturally.com\/wp-content\/uploads\/2022\/07\/81a1Rn2FzzL._AC_SL1500_.jpg\" \/>\n\t<meta property=\"og:image:width\" content=\"1500\" \/>\n\t<meta property=\"og:image:height\" content=\"1309\" \/>\n\t<meta property=\"og:image:type\" content=\"image\/jpeg\" \/>\n<meta name=\"twitter:card\" content=\"summary_large_image\" \/>\n<meta name=\"twitter:label1\" content=\"Tiempo de lectura\" \/>\n\t<meta name=\"twitter:data1\" content=\"1 minuto\" \/>\n<script type=\"application\/ld+json\" class=\"yoast-schema-graph\">{\"@context\":\"https:\\\/\\\/schema.org\",\"@graph\":[{\"@type\":\"WebPage\",\"@id\":\"https:\\\/\\\/imsnaturally.com\\\/product\\\/tri-iodine-thyroid\\\/\",\"url\":\"https:\\\/\\\/imsnaturally.com\\\/product\\\/tri-iodine-thyroid\\\/\",\"name\":\"Tri-iodine\u2122 (thyroid)\",\"isPartOf\":{\"@id\":\"https:\\\/\\\/imsnaturally.com\\\/#website\"},\"primaryImageOfPage\":{\"@id\":\"https:\\\/\\\/imsnaturally.com\\\/product\\\/tri-iodine-thyroid\\\/#primaryimage\"},\"image\":{\"@id\":\"https:\\\/\\\/imsnaturally.com\\\/product\\\/tri-iodine-thyroid\\\/#primaryimage\"},\"thumbnailUrl\":\"https:\\\/\\\/imsnaturally.com\\\/wp-content\\\/uploads\\\/2022\\\/07\\\/81a1Rn2FzzL._AC_SL1500_.jpg\",\"datePublished\":\"2022-07-20T12:50:27+00:00\",\"dateModified\":\"2026-03-03T20:38:43+00:00\",\"description\":\"El yodo es uno de los minerales m\u00e1s importantes requiri\u00f3 para la funci\u00f3n sana celular y completa metab\u00f3lica. No hay vida sin yodo y ha sido estimado que la poblaci\u00f3n entera es deficiente en el yodo. Para el apoyo de tiroides y para proteger contra formar de un bocio, cantidades s\u00f3lo peque\u00f1as de yodo son requeridas. Pero hoy, los m\u00e9dicos han encontrado que todos los tejidos del cuerpo requiere yodo. Los senos, los ovarios, tejido de \u00fatero y pr\u00f3stata requiere cantidades grandes de yodo.\",\"breadcrumb\":{\"@id\":\"https:\\\/\\\/imsnaturally.com\\\/product\\\/tri-iodine-thyroid\\\/#breadcrumb\"},\"inLanguage\":\"es-MX\",\"potentialAction\":[{\"@type\":\"ReadAction\",\"target\":[\"https:\\\/\\\/imsnaturally.com\\\/product\\\/tri-iodine-thyroid\\\/\"]}]},{\"@type\":\"ImageObject\",\"inLanguage\":\"es-MX\",\"@id\":\"https:\\\/\\\/imsnaturally.com\\\/product\\\/tri-iodine-thyroid\\\/#primaryimage\",\"url\":\"https:\\\/\\\/imsnaturally.com\\\/wp-content\\\/uploads\\\/2022\\\/07\\\/81a1Rn2FzzL._AC_SL1500_.jpg\",\"contentUrl\":\"https:\\\/\\\/imsnaturally.com\\\/wp-content\\\/uploads\\\/2022\\\/07\\\/81a1Rn2FzzL._AC_SL1500_.jpg\",\"width\":1500,\"height\":1309,\"caption\":\"Tri-Iodine 12.5mg\"},{\"@type\":\"BreadcrumbList\",\"@id\":\"https:\\\/\\\/imsnaturally.com\\\/product\\\/tri-iodine-thyroid\\\/#breadcrumb\",\"itemListElement\":[{\"@type\":\"ListItem\",\"position\":1,\"name\":\"Home\",\"item\":\"https:\\\/\\\/imsnaturally.com\\\/\"},{\"@type\":\"ListItem\",\"position\":2,\"name\":\"Shop\",\"item\":\"https:\\\/\\\/imsnaturally.com\\\/shop\\\/\"},{\"@type\":\"ListItem\",\"position\":3,\"name\":\"Tri-iodine\u2122 (thyroid)\"}]},{\"@type\":\"WebSite\",\"@id\":\"https:\\\/\\\/imsnaturally.com\\\/#website\",\"url\":\"https:\\\/\\\/imsnaturally.com\\\/\",\"name\":\"IMS Naturally \\\/ IMS Supplements, Inc.\",\"description\":\"\",\"publisher\":{\"@id\":\"https:\\\/\\\/imsnaturally.com\\\/#organization\"},\"potentialAction\":[{\"@type\":\"SearchAction\",\"target\":{\"@type\":\"EntryPoint\",\"urlTemplate\":\"https:\\\/\\\/imsnaturally.com\\\/?s={search_term_string}\"},\"query-input\":{\"@type\":\"PropertyValueSpecification\",\"valueRequired\":true,\"valueName\":\"search_term_string\"}}],\"inLanguage\":\"es-MX\"},{\"@type\":\"Organization\",\"@id\":\"https:\\\/\\\/imsnaturally.com\\\/#organization\",\"name\":\"IMS Naturally \\\/ IMS Supplements, Inc.\",\"url\":\"https:\\\/\\\/imsnaturally.com\\\/\",\"logo\":{\"@type\":\"ImageObject\",\"inLanguage\":\"es-MX\",\"@id\":\"https:\\\/\\\/imsnaturally.com\\\/#\\\/schema\\\/logo\\\/image\\\/\",\"url\":\"https:\\\/\\\/imsnaturally.com\\\/wp-content\\\/uploads\\\/2022\\\/07\\\/logo.jpg\",\"contentUrl\":\"https:\\\/\\\/imsnaturally.com\\\/wp-content\\\/uploads\\\/2022\\\/07\\\/logo.jpg\",\"width\":375,\"height\":79,\"caption\":\"IMS Naturally \\\/ IMS Supplements, Inc.\"},\"image\":{\"@id\":\"https:\\\/\\\/imsnaturally.com\\\/#\\\/schema\\\/logo\\\/image\\\/\"}}]}<\/script>\n<!-- \/ Yoast SEO plugin. -->","yoast_head_json":{"title":"Tri-iodine\u2122 (thyroid)","description":"El yodo es uno de los minerales m\u00e1s importantes requiri\u00f3 para la funci\u00f3n sana celular y completa metab\u00f3lica. No hay vida sin yodo y ha sido estimado que la poblaci\u00f3n entera es deficiente en el yodo. Para el apoyo de tiroides y para proteger contra formar de un bocio, cantidades s\u00f3lo peque\u00f1as de yodo son requeridas. Pero hoy, los m\u00e9dicos han encontrado que todos los tejidos del cuerpo requiere yodo. Los senos, los ovarios, tejido de \u00fatero y pr\u00f3stata requiere cantidades grandes de yodo.","robots":{"index":"index","follow":"follow","max-snippet":"max-snippet:-1","max-image-preview":"max-image-preview:large","max-video-preview":"max-video-preview:-1"},"canonical":"https:\/\/imsnaturally.com\/es\/product\/tri-iodine-thyroid\/","og_locale":"es_MX","og_type":"article","og_title":"[:en]Tri-iodine\u2122 (thyroid)[:es]Tri-iodine\u2122 (thyroid)[:] - IMS Naturally \/ IMS Supplements, Inc.","og_description":"[:en]Iodine is one of the most important minerals required for healthy cellular and complete metabolic function. There is no life without iodine and it has been estimated that the entire population is deficient in iodine. For thyroid support and to protect against forming of a goiter, only small amounts of iodine are required. But today, doctors have found that all tissues of the body require iodine. The breasts, ovaries, uterus and prostate tissue require large quantities of iodine.[:es]El yodo es uno de los minerales m\u00e1s importantes requiri\u00f3 para la funci\u00f3n sana celular y completa metab\u00f3lica. No hay vida sin yodo y ha sido estimado que la poblaci\u00f3n entera es deficiente en el yodo. Para el apoyo de tiroides y para proteger contra formar de un bocio, cantidades s\u00f3lo peque\u00f1as de yodo son requeridas. Pero hoy, los m\u00e9dicos han encontrado que todos los tejidos del cuerpo requiere yodo. Los senos, los ovarios, tejido de \u00fatero y pr\u00f3stata requiere cantidades grandes de yodo.[:]","og_url":"https:\/\/imsnaturally.com\/es\/product\/tri-iodine-thyroid\/","og_site_name":"IMS Naturally \/ IMS Supplements, Inc.","article_modified_time":"2026-03-03T20:38:43+00:00","og_image":[{"width":1500,"height":1309,"url":"https:\/\/imsnaturally.com\/wp-content\/uploads\/2022\/07\/81a1Rn2FzzL._AC_SL1500_.jpg","type":"image\/jpeg"}],"twitter_card":"summary_large_image","twitter_misc":{"Tiempo de lectura":"1 minuto"},"schema":{"@context":"https:\/\/schema.org","@graph":[{"@type":"WebPage","@id":"https:\/\/imsnaturally.com\/product\/tri-iodine-thyroid\/","url":"https:\/\/imsnaturally.com\/product\/tri-iodine-thyroid\/","name":"Tri-iodine\u2122 (thyroid)","isPartOf":{"@id":"https:\/\/imsnaturally.com\/#website"},"primaryImageOfPage":{"@id":"https:\/\/imsnaturally.com\/product\/tri-iodine-thyroid\/#primaryimage"},"image":{"@id":"https:\/\/imsnaturally.com\/product\/tri-iodine-thyroid\/#primaryimage"},"thumbnailUrl":"https:\/\/imsnaturally.com\/wp-content\/uploads\/2022\/07\/81a1Rn2FzzL._AC_SL1500_.jpg","datePublished":"2022-07-20T12:50:27+00:00","dateModified":"2026-03-03T20:38:43+00:00","description":"El yodo es uno de los minerales m\u00e1s importantes requiri\u00f3 para la funci\u00f3n sana celular y completa metab\u00f3lica. No hay vida sin yodo y ha sido estimado que la poblaci\u00f3n entera es deficiente en el yodo. Para el apoyo de tiroides y para proteger contra formar de un bocio, cantidades s\u00f3lo peque\u00f1as de yodo son requeridas. Pero hoy, los m\u00e9dicos han encontrado que todos los tejidos del cuerpo requiere yodo. Los senos, los ovarios, tejido de \u00fatero y pr\u00f3stata requiere cantidades grandes de yodo.","breadcrumb":{"@id":"https:\/\/imsnaturally.com\/product\/tri-iodine-thyroid\/#breadcrumb"},"inLanguage":"es-MX","potentialAction":[{"@type":"ReadAction","target":["https:\/\/imsnaturally.com\/product\/tri-iodine-thyroid\/"]}]},{"@type":"ImageObject","inLanguage":"es-MX","@id":"https:\/\/imsnaturally.com\/product\/tri-iodine-thyroid\/#primaryimage","url":"https:\/\/imsnaturally.com\/wp-content\/uploads\/2022\/07\/81a1Rn2FzzL._AC_SL1500_.jpg","contentUrl":"https:\/\/imsnaturally.com\/wp-content\/uploads\/2022\/07\/81a1Rn2FzzL._AC_SL1500_.jpg","width":1500,"height":1309,"caption":"Tri-Iodine 12.5mg"},{"@type":"BreadcrumbList","@id":"https:\/\/imsnaturally.com\/product\/tri-iodine-thyroid\/#breadcrumb","itemListElement":[{"@type":"ListItem","position":1,"name":"Home","item":"https:\/\/imsnaturally.com\/"},{"@type":"ListItem","position":2,"name":"Shop","item":"https:\/\/imsnaturally.com\/shop\/"},{"@type":"ListItem","position":3,"name":"Tri-iodine\u2122 (thyroid)"}]},{"@type":"WebSite","@id":"https:\/\/imsnaturally.com\/#website","url":"https:\/\/imsnaturally.com\/","name":"IMS Naturally \/ IMS Supplements, Inc.","description":"","publisher":{"@id":"https:\/\/imsnaturally.com\/#organization"},"potentialAction":[{"@type":"SearchAction","target":{"@type":"EntryPoint","urlTemplate":"https:\/\/imsnaturally.com\/?s={search_term_string}"},"query-input":{"@type":"PropertyValueSpecification","valueRequired":true,"valueName":"search_term_string"}}],"inLanguage":"es-MX"},{"@type":"Organization","@id":"https:\/\/imsnaturally.com\/#organization","name":"IMS Naturally \/ IMS Supplements, Inc.","url":"https:\/\/imsnaturally.com\/","logo":{"@type":"ImageObject","inLanguage":"es-MX","@id":"https:\/\/imsnaturally.com\/#\/schema\/logo\/image\/","url":"https:\/\/imsnaturally.com\/wp-content\/uploads\/2022\/07\/logo.jpg","contentUrl":"https:\/\/imsnaturally.com\/wp-content\/uploads\/2022\/07\/logo.jpg","width":375,"height":79,"caption":"IMS Naturally \/ IMS Supplements, Inc."},"image":{"@id":"https:\/\/imsnaturally.com\/#\/schema\/logo\/image\/"}}]}},"_links":{"self":[{"href":"https:\/\/imsnaturally.com\/es\/wp-json\/wp\/v2\/product\/88","targetHints":{"allow":["GET"]}}],"collection":[{"href":"https:\/\/imsnaturally.com\/es\/wp-json\/wp\/v2\/product"}],"about":[{"href":"https:\/\/imsnaturally.com\/es\/wp-json\/wp\/v2\/types\/product"}],"replies":[{"embeddable":true,"href":"https:\/\/imsnaturally.com\/es\/wp-json\/wp\/v2\/comments?post=88"}],"wp:featuredmedia":[{"embeddable":true,"href":"https:\/\/imsnaturally.com\/es\/wp-json\/wp\/v2\/media\/37593"}],"wp:attachment":[{"href":"https:\/\/imsnaturally.com\/es\/wp-json\/wp\/v2\/media?parent=88"}],"wp:term":[{"taxonomy":"product_cat","embeddable":true,"href":"https:\/\/imsnaturally.com\/es\/wp-json\/wp\/v2\/product_cat?post=88"},{"taxonomy":"product_tag","embeddable":true,"href":"https:\/\/imsnaturally.com\/es\/wp-json\/wp\/v2\/product_tag?post=88"}],"curies":[{"name":"wp","href":"https:\/\/api.w.org\/{rel}","templated":true}]}}