{"id":86,"date":"2022-07-20T12:50:27","date_gmt":"2022-07-20T12:50:27","guid":{"rendered":"https:\/\/www.imsnaturally.com\/?post_type=product&#038;p=86"},"modified":"2024-12-05T22:27:43","modified_gmt":"2024-12-05T22:27:43","slug":"seredyn","status":"publish","type":"product","link":"https:\/\/imsnaturally.com\/es\/product\/seredyn\/","title":{"rendered":"Seredyn \u00ae"},"content":{"rendered":"<p><span class=\"style1\">SEREDYN\u00a0<\/span><span class=\"style1\">\u2013 60 capsules<\/span>\u00a0<span class=\"style1\">per bottle<\/span><\/p>\n<p class=\"style1\">When worry dominates your life. You try to control your anxiety, but it often ends up controlling you. Restlessness and irritation prevent you from enjoying your day, and insomnia won\u2019t let you sleep at night. But now there is hope. With SEREDYN, you can face every day with a calm and confident outlook.<\/p>\n<p class=\"style1\">Clinical research suggests that the natural compounds in SEREDYN can help relieve anxiety, insomnia, and panic attacks. By supporting the brain\u2019s natural ability to relax, SEREDYN restores tranquility to your life without expensive or habit-forming drugs.<\/p>\n<p class=\"style1\">Seredyn ingredients: (proprietary formula)<br \/>\nL-Theanine, SunTheanine\u00ae (99% pure L-theanine)<br \/>\nPassion Flower(Passiflora incarnata) extract standardized to 4% vitexin.<br \/>\nNiacinamide<br \/>\nMagnesium Taurinateacinamide<br \/>\nValerian (Valeriana officinalis) extract standardized to 0.8% valerenic acid<br \/>\n<span class=\"style3\">INACTIVE INGREDIENTS: GELATIN, RICE POWDER, MAGNESIUM STEARATE<\/span><\/p>\n<p><span class=\"style1\">Many people that take SEREDYN experience NO side effects. No weight gain or sexual side effects. 100% natural ingredients. When side effects do occur, they tend to be mild and often go away. When taken as directed, SEREDYN is not addictive or habit-forming. Exceeding the recommended dose for many months, however, may lead to mild withdrawal symptoms upon discontinuation. Please read the\u00a0<a href=\"http:\/\/www.seredyn.com\/taking.html\">Dosage and Directions for Use<\/a>\u00a0before taking SEREDYN.<\/span><\/p>\n<p>For more information, please visit this products\u00a0<a href=\"https:\/\/bioneurix.com\/pages\/how-seredyn-works\" target=\"_blank\" rel=\"noopener\"><u>webpage<\/u><\/a>.<\/p>\n","protected":false},"excerpt":{"rendered":"<p class=\"style1\">SEREDYN &#8211; 60 c\u00e1psulas por botella<\/p>\n<p class=\"style1\">Cuando preocupaci\u00f3n domina su vida. Trata de controlar su ansiedad, pero a menudo acaba por controlle. La agitaci\u00f3n y la irritaci\u00f3n le previenen de disfrutar de su d\u00eda, y el insomnio no permitir\u00e1 que duerma de noche. Pero ahora hay esperanza. Con SEREDYN, puede encarar cada d\u00eda con una calma y vista segura.<\/p>\n<p class=\"style1\">La investigaci\u00f3n cl\u00ednica sugiere que los compuestos naturales en SEREDYN pueden ayudar a aliviar ansiedad, el insomnio, y los ataques de p\u00e1nico. Apoyando la capacidad natural de cerebro para relajarse, SEREDYN restaura la tranquilidad a su vida sin drogas caras o que crea dependencia.<\/p>\n<p class=\"style1\">Los ingredientes de Seredyn (F\u00f3rmula propietaria): L-Theanine, SunTheanine\u00ae (99% puro L-theanine); Flor de Pasi\u00f3n (incarnata de Passiflora) extracto estandariz\u00f3 a 4% de vitexin; La Valeriana del Magnesio de Niacinamide Taurinate acinamide (officinalis de Valeriana) extracto estandariz\u00f3 a 0,8% de valerenic <span class=\"style3\">INGREDIENTES INACTIVOS \u00e1cidos: La GELATINA, POLVO de ARROZ, el MAGNESIO STEARATE<\/span><\/p>\n<p class=\"style1\">Muchas personas que toman SEREDYN no experimentan efectos secundario. Cuando efectos secundario ocurren, tienden a ser templados y a menudo se marcha. Cuando tomado como dirigido, SEREDYN no es adictivo ni que crea dependencia. Exceder la dosis recomendado por muchos meses puede llevar sin embargo a s\u00edndrome de abstinencia templados sobre la discontinuaci\u00f3n. Lea por favor la Dosis y las Direcciones para el Uso antes de tomar SEREDYN.<\/p>\n<p>Para obtener mas informaci\u00f3n, por favor visite la <a href=\"https:\/\/bioneurix.com\/pages\/how-seredyn-works\" target=\"_blank\" rel=\"noopener\"><u>p\u00e1gina<\/u><\/a> del producto.<\/p>\n","protected":false},"featured_media":36494,"comment_status":"open","ping_status":"closed","template":"","meta":[],"product_cat":[36],"product_tag":[],"class_list":{"0":"post-86","1":"product","2":"type-product","3":"status-publish","4":"has-post-thumbnail","6":"product_brand-bioneurix-corp","7":"product_cat-seredyn-panic-anxiety","9":"first","10":"outofstock","11":"sale","12":"taxable","13":"shipping-taxable","14":"purchasable","15":"product-type-simple"},"yoast_head":"<!-- This site is optimized with the Yoast SEO plugin v27.5 - https:\/\/yoast.com\/product\/yoast-seo-wordpress\/ -->\n<title>Seredyn \u00ae<\/title>\n<meta name=\"description\" content=\"Cuando preocupaci\u00f3n domina su vida. Trata de controlar su ansiedad, pero a menudo acaba por controlle. La agitaci\u00f3n y la irritaci\u00f3n le previenen de disfrutar de su d\u00eda, y el insomnio no permitir\u00e1 que duerma de noche. Pero ahora hay esperanza. Con SEREDYN, puede encarar cada d\u00eda con una calma y vista segura.\" \/>\n<meta name=\"robots\" content=\"index, follow, max-snippet:-1, max-image-preview:large, max-video-preview:-1\" \/>\n<link rel=\"canonical\" href=\"https:\/\/imsnaturally.com\/es\/product\/seredyn\/\" \/>\n<meta property=\"og:locale\" content=\"es_MX\" \/>\n<meta property=\"og:locale:alternate\" content=\"en_US\" \/>\n<meta property=\"og:type\" content=\"article\" \/>\n<meta property=\"og:title\" content=\"Seredyn \u00ae\" \/>\n<meta property=\"og:description\" content=\"Cuando preocupaci\u00f3n domina su vida. Trata de controlar su ansiedad, pero a menudo acaba por controlle. La agitaci\u00f3n y la irritaci\u00f3n le previenen de disfrutar de su d\u00eda, y el insomnio no permitir\u00e1 que duerma de noche. Pero ahora hay esperanza. Con SEREDYN, puede encarar cada d\u00eda con una calma y vista segura.\" \/>\n<meta property=\"og:url\" content=\"https:\/\/imsnaturally.com\/es\/product\/seredyn\/\" \/>\n<meta property=\"og:site_name\" content=\"IMS Naturally \/ IMS Supplements, Inc.\" \/>\n<meta property=\"article:modified_time\" content=\"2024-12-05T22:27:43+00:00\" \/>\n<meta property=\"og:image\" content=\"https:\/\/imsnaturally.com\/wp-content\/uploads\/2022\/07\/SeredynLrg.gif\" \/>\n\t<meta property=\"og:image:width\" content=\"400\" \/>\n\t<meta property=\"og:image:height\" content=\"650\" \/>\n\t<meta property=\"og:image:type\" content=\"image\/gif\" \/>\n<meta name=\"twitter:card\" content=\"summary_large_image\" \/>\n<meta name=\"twitter:label1\" content=\"Tiempo de lectura\" \/>\n\t<meta name=\"twitter:data1\" content=\"2 minutos\" \/>\n<script type=\"application\/ld+json\" class=\"yoast-schema-graph\">{\"@context\":\"https:\\\/\\\/schema.org\",\"@graph\":[{\"@type\":\"WebPage\",\"@id\":\"https:\\\/\\\/imsnaturally.com\\\/product\\\/seredyn\\\/\",\"url\":\"https:\\\/\\\/imsnaturally.com\\\/product\\\/seredyn\\\/\",\"name\":\"Seredyn \u00ae\",\"isPartOf\":{\"@id\":\"https:\\\/\\\/imsnaturally.com\\\/#website\"},\"primaryImageOfPage\":{\"@id\":\"https:\\\/\\\/imsnaturally.com\\\/product\\\/seredyn\\\/#primaryimage\"},\"image\":{\"@id\":\"https:\\\/\\\/imsnaturally.com\\\/product\\\/seredyn\\\/#primaryimage\"},\"thumbnailUrl\":\"https:\\\/\\\/imsnaturally.com\\\/wp-content\\\/uploads\\\/2022\\\/07\\\/SeredynLrg.gif\",\"datePublished\":\"2022-07-20T12:50:27+00:00\",\"dateModified\":\"2024-12-05T22:27:43+00:00\",\"description\":\"Cuando preocupaci\u00f3n domina su vida. Trata de controlar su ansiedad, pero a menudo acaba por controlle. La agitaci\u00f3n y la irritaci\u00f3n le previenen de disfrutar de su d\u00eda, y el insomnio no permitir\u00e1 que duerma de noche. Pero ahora hay esperanza. Con SEREDYN, puede encarar cada d\u00eda con una calma y vista segura.\",\"breadcrumb\":{\"@id\":\"https:\\\/\\\/imsnaturally.com\\\/product\\\/seredyn\\\/#breadcrumb\"},\"inLanguage\":\"es-MX\",\"potentialAction\":[{\"@type\":\"ReadAction\",\"target\":[\"https:\\\/\\\/imsnaturally.com\\\/product\\\/seredyn\\\/\"]}]},{\"@type\":\"ImageObject\",\"inLanguage\":\"es-MX\",\"@id\":\"https:\\\/\\\/imsnaturally.com\\\/product\\\/seredyn\\\/#primaryimage\",\"url\":\"https:\\\/\\\/imsnaturally.com\\\/wp-content\\\/uploads\\\/2022\\\/07\\\/SeredynLrg.gif\",\"contentUrl\":\"https:\\\/\\\/imsnaturally.com\\\/wp-content\\\/uploads\\\/2022\\\/07\\\/SeredynLrg.gif\",\"width\":400,\"height\":650},{\"@type\":\"BreadcrumbList\",\"@id\":\"https:\\\/\\\/imsnaturally.com\\\/product\\\/seredyn\\\/#breadcrumb\",\"itemListElement\":[{\"@type\":\"ListItem\",\"position\":1,\"name\":\"Home\",\"item\":\"https:\\\/\\\/imsnaturally.com\\\/\"},{\"@type\":\"ListItem\",\"position\":2,\"name\":\"Shop\",\"item\":\"https:\\\/\\\/imsnaturally.com\\\/shop\\\/\"},{\"@type\":\"ListItem\",\"position\":3,\"name\":\"Seredyn \u00ae\"}]},{\"@type\":\"WebSite\",\"@id\":\"https:\\\/\\\/imsnaturally.com\\\/#website\",\"url\":\"https:\\\/\\\/imsnaturally.com\\\/\",\"name\":\"IMS Naturally \\\/ IMS Supplements, Inc.\",\"description\":\"\",\"publisher\":{\"@id\":\"https:\\\/\\\/imsnaturally.com\\\/#organization\"},\"potentialAction\":[{\"@type\":\"SearchAction\",\"target\":{\"@type\":\"EntryPoint\",\"urlTemplate\":\"https:\\\/\\\/imsnaturally.com\\\/?s={search_term_string}\"},\"query-input\":{\"@type\":\"PropertyValueSpecification\",\"valueRequired\":true,\"valueName\":\"search_term_string\"}}],\"inLanguage\":\"es-MX\"},{\"@type\":\"Organization\",\"@id\":\"https:\\\/\\\/imsnaturally.com\\\/#organization\",\"name\":\"IMS Naturally \\\/ IMS Supplements, Inc.\",\"url\":\"https:\\\/\\\/imsnaturally.com\\\/\",\"logo\":{\"@type\":\"ImageObject\",\"inLanguage\":\"es-MX\",\"@id\":\"https:\\\/\\\/imsnaturally.com\\\/#\\\/schema\\\/logo\\\/image\\\/\",\"url\":\"https:\\\/\\\/imsnaturally.com\\\/wp-content\\\/uploads\\\/2022\\\/07\\\/logo.jpg\",\"contentUrl\":\"https:\\\/\\\/imsnaturally.com\\\/wp-content\\\/uploads\\\/2022\\\/07\\\/logo.jpg\",\"width\":375,\"height\":79,\"caption\":\"IMS Naturally \\\/ IMS Supplements, Inc.\"},\"image\":{\"@id\":\"https:\\\/\\\/imsnaturally.com\\\/#\\\/schema\\\/logo\\\/image\\\/\"}}]}<\/script>\n<!-- \/ Yoast SEO plugin. -->","yoast_head_json":{"title":"Seredyn \u00ae","description":"Cuando preocupaci\u00f3n domina su vida. Trata de controlar su ansiedad, pero a menudo acaba por controlle. La agitaci\u00f3n y la irritaci\u00f3n le previenen de disfrutar de su d\u00eda, y el insomnio no permitir\u00e1 que duerma de noche. Pero ahora hay esperanza. Con SEREDYN, puede encarar cada d\u00eda con una calma y vista segura.","robots":{"index":"index","follow":"follow","max-snippet":"max-snippet:-1","max-image-preview":"max-image-preview:large","max-video-preview":"max-video-preview:-1"},"canonical":"https:\/\/imsnaturally.com\/es\/product\/seredyn\/","og_locale":"es_MX","og_type":"article","og_title":"[:en]Seredyn \u00ae[:es]Seredyn \u00ae[:] - IMS Naturally \/ IMS Supplements, Inc.","og_description":"[:en]When worry dominates your life. You try to control your anxiety, but it often ends up controlling you. Restlessness and irritation prevent you from enjoying your day, and insomnia won't let you sleep at night. But now there is hope. With SEREDYN, you can face every day with a calm and confident outlook.[:es]Cuando preocupaci\u00f3n domina su vida. Trata de controlar su ansiedad, pero a menudo acaba por controlle. La agitaci\u00f3n y la irritaci\u00f3n le previenen de disfrutar de su d\u00eda, y el insomnio no permitir\u00e1 que duerma de noche. Pero ahora hay esperanza. Con SEREDYN, puede encarar cada d\u00eda con una calma y vista segura.[:]","og_url":"https:\/\/imsnaturally.com\/es\/product\/seredyn\/","og_site_name":"IMS Naturally \/ IMS Supplements, Inc.","article_modified_time":"2024-12-05T22:27:43+00:00","og_image":[{"width":400,"height":650,"url":"https:\/\/imsnaturally.com\/wp-content\/uploads\/2022\/07\/SeredynLrg.gif","type":"image\/gif"}],"twitter_card":"summary_large_image","twitter_misc":{"Tiempo de lectura":"2 minutos"},"schema":{"@context":"https:\/\/schema.org","@graph":[{"@type":"WebPage","@id":"https:\/\/imsnaturally.com\/product\/seredyn\/","url":"https:\/\/imsnaturally.com\/product\/seredyn\/","name":"Seredyn \u00ae","isPartOf":{"@id":"https:\/\/imsnaturally.com\/#website"},"primaryImageOfPage":{"@id":"https:\/\/imsnaturally.com\/product\/seredyn\/#primaryimage"},"image":{"@id":"https:\/\/imsnaturally.com\/product\/seredyn\/#primaryimage"},"thumbnailUrl":"https:\/\/imsnaturally.com\/wp-content\/uploads\/2022\/07\/SeredynLrg.gif","datePublished":"2022-07-20T12:50:27+00:00","dateModified":"2024-12-05T22:27:43+00:00","description":"Cuando preocupaci\u00f3n domina su vida. Trata de controlar su ansiedad, pero a menudo acaba por controlle. La agitaci\u00f3n y la irritaci\u00f3n le previenen de disfrutar de su d\u00eda, y el insomnio no permitir\u00e1 que duerma de noche. Pero ahora hay esperanza. Con SEREDYN, puede encarar cada d\u00eda con una calma y vista segura.","breadcrumb":{"@id":"https:\/\/imsnaturally.com\/product\/seredyn\/#breadcrumb"},"inLanguage":"es-MX","potentialAction":[{"@type":"ReadAction","target":["https:\/\/imsnaturally.com\/product\/seredyn\/"]}]},{"@type":"ImageObject","inLanguage":"es-MX","@id":"https:\/\/imsnaturally.com\/product\/seredyn\/#primaryimage","url":"https:\/\/imsnaturally.com\/wp-content\/uploads\/2022\/07\/SeredynLrg.gif","contentUrl":"https:\/\/imsnaturally.com\/wp-content\/uploads\/2022\/07\/SeredynLrg.gif","width":400,"height":650},{"@type":"BreadcrumbList","@id":"https:\/\/imsnaturally.com\/product\/seredyn\/#breadcrumb","itemListElement":[{"@type":"ListItem","position":1,"name":"Home","item":"https:\/\/imsnaturally.com\/"},{"@type":"ListItem","position":2,"name":"Shop","item":"https:\/\/imsnaturally.com\/shop\/"},{"@type":"ListItem","position":3,"name":"Seredyn \u00ae"}]},{"@type":"WebSite","@id":"https:\/\/imsnaturally.com\/#website","url":"https:\/\/imsnaturally.com\/","name":"IMS Naturally \/ IMS Supplements, Inc.","description":"","publisher":{"@id":"https:\/\/imsnaturally.com\/#organization"},"potentialAction":[{"@type":"SearchAction","target":{"@type":"EntryPoint","urlTemplate":"https:\/\/imsnaturally.com\/?s={search_term_string}"},"query-input":{"@type":"PropertyValueSpecification","valueRequired":true,"valueName":"search_term_string"}}],"inLanguage":"es-MX"},{"@type":"Organization","@id":"https:\/\/imsnaturally.com\/#organization","name":"IMS Naturally \/ IMS Supplements, Inc.","url":"https:\/\/imsnaturally.com\/","logo":{"@type":"ImageObject","inLanguage":"es-MX","@id":"https:\/\/imsnaturally.com\/#\/schema\/logo\/image\/","url":"https:\/\/imsnaturally.com\/wp-content\/uploads\/2022\/07\/logo.jpg","contentUrl":"https:\/\/imsnaturally.com\/wp-content\/uploads\/2022\/07\/logo.jpg","width":375,"height":79,"caption":"IMS Naturally \/ IMS Supplements, Inc."},"image":{"@id":"https:\/\/imsnaturally.com\/#\/schema\/logo\/image\/"}}]}},"_links":{"self":[{"href":"https:\/\/imsnaturally.com\/es\/wp-json\/wp\/v2\/product\/86","targetHints":{"allow":["GET"]}}],"collection":[{"href":"https:\/\/imsnaturally.com\/es\/wp-json\/wp\/v2\/product"}],"about":[{"href":"https:\/\/imsnaturally.com\/es\/wp-json\/wp\/v2\/types\/product"}],"replies":[{"embeddable":true,"href":"https:\/\/imsnaturally.com\/es\/wp-json\/wp\/v2\/comments?post=86"}],"wp:featuredmedia":[{"embeddable":true,"href":"https:\/\/imsnaturally.com\/es\/wp-json\/wp\/v2\/media\/36494"}],"wp:attachment":[{"href":"https:\/\/imsnaturally.com\/es\/wp-json\/wp\/v2\/media?parent=86"}],"wp:term":[{"taxonomy":"product_cat","embeddable":true,"href":"https:\/\/imsnaturally.com\/es\/wp-json\/wp\/v2\/product_cat?post=86"},{"taxonomy":"product_tag","embeddable":true,"href":"https:\/\/imsnaturally.com\/es\/wp-json\/wp\/v2\/product_tag?post=86"}],"curies":[{"name":"wp","href":"https:\/\/api.w.org\/{rel}","templated":true}]}}