{"id":84,"date":"2022-07-20T12:50:27","date_gmt":"2022-07-20T12:50:27","guid":{"rendered":"https:\/\/www.imsnaturally.com\/?post_type=product&#038;p=84"},"modified":"2026-03-03T20:41:36","modified_gmt":"2026-03-03T20:41:36","slug":"sinucare-60-softgels","status":"publish","type":"product","link":"https:\/\/imsnaturally.com\/es\/product\/sinucare-60-softgels\/","title":{"rendered":"SinuCare\u2122 #60 softgels"},"content":{"rendered":"","protected":false},"excerpt":{"rendered":"<p>El eucalipto ha sido estudiado mucho tiempo y ha sido mostrado para apoyar la salud de seno y mantener pasajes bronquiales claros. SinuCare\u2122 es un producto maravilloso para apoyar la estructura y la funci\u00f3n de los senos. Algunas personas han encontrado que tiene un gran efecto permitiendo la c\u00e1psula de softgel para disolverse en la boca. Tenga cuidado, tendr\u00e1 un efecto muy prominente y pronunciado debido al petr\u00f3leo de eucalipto, pero lo trata, usted quiz\u00e1s encuentre que ser sumamente efectivo. Tragar la c\u00e1psula es tambi\u00e9n completamente efectivo. Algunos individuos quieren la aroma fuerte de eucalipto que circula en los conductos nasales. SinuCare contiene el petr\u00f3leo de eucalipto y petr\u00f3leo de mirto. SinuCare es muy efectivo para apoyar los bronquios, los pulmones, los senos y la funci\u00f3n respiratoria, superior y entera. La congesti\u00f3n del seno es una condici\u00f3n muy com\u00fan mundial. Es todo-natural, un producto maravilloso y sumamente efectivo para todo el functions. respiratorio* *ESTOS no de DECLARACIONES HA SIDO EVALUADO POR EL ALIMENTO Y la ADMINISTRACION de la DROGA. ESTOS PRODUCTOS no SON PENSADOS DIAGNOSTICAR, TRATAR, CURAR ni PREVENIR la ENFERMEDAD.<\/p>\n<p>Para obtener mas informaci\u00f3n, por favor visite la <a href=\"\/\/www.sinus-care.com\/\" target=\"_blank\" rel=\"noopener\"><u>p\u00e1gina<\/u><\/a> del producto.<\/p>\n","protected":false},"featured_media":37093,"comment_status":"open","ping_status":"closed","template":"","meta":[],"product_cat":[37],"product_tag":[],"class_list":{"0":"post-84","1":"product","2":"type-product","3":"status-publish","4":"has-post-thumbnail","6":"product_brand-europharma","7":"product_cat-sinucare-sinus-care","9":"first","10":"instock","11":"sale","12":"taxable","13":"shipping-taxable","14":"purchasable","15":"product-type-simple"},"yoast_head":"<!-- This site is optimized with the Yoast SEO plugin v27.5 - https:\/\/yoast.com\/product\/yoast-seo-wordpress\/ -->\n<title>SinuCare\u2122 #60 softgels<\/title>\n<meta name=\"description\" content=\"El eucalipto ha sido estudiado mucho tiempo y ha sido mostrado para apoyar la salud de seno y mantener pasajes bronquiales claros. SinuCare\u2122 es un producto maravilloso para apoyar la estructura y la funci\u00f3n de los senos.\" \/>\n<meta name=\"robots\" content=\"index, follow, max-snippet:-1, max-image-preview:large, max-video-preview:-1\" \/>\n<link rel=\"canonical\" href=\"https:\/\/imsnaturally.com\/es\/product\/sinucare-60-softgels\/\" \/>\n<meta property=\"og:locale\" content=\"es_MX\" \/>\n<meta property=\"og:locale:alternate\" content=\"en_US\" \/>\n<meta property=\"og:type\" content=\"article\" \/>\n<meta property=\"og:title\" content=\"SinuCare\u2122 #60 softgels\" \/>\n<meta property=\"og:description\" content=\"El eucalipto ha sido estudiado mucho tiempo y ha sido mostrado para apoyar la salud de seno y mantener pasajes bronquiales claros. SinuCare\u2122 es un producto maravilloso para apoyar la estructura y la funci\u00f3n de los senos.\" \/>\n<meta property=\"og:url\" content=\"https:\/\/imsnaturally.com\/es\/product\/sinucare-60-softgels\/\" \/>\n<meta property=\"og:site_name\" content=\"IMS Naturally \/ IMS Supplements, Inc.\" \/>\n<meta property=\"article:modified_time\" content=\"2026-03-03T20:41:36+00:00\" \/>\n<meta property=\"og:image\" content=\"https:\/\/imsnaturally.com\/wp-content\/uploads\/2022\/07\/sinucare60new-e1733942175420.jpg\" \/>\n\t<meta property=\"og:image:width\" content=\"236\" \/>\n\t<meta property=\"og:image:height\" content=\"359\" \/>\n\t<meta property=\"og:image:type\" content=\"image\/jpeg\" \/>\n<meta name=\"twitter:card\" content=\"summary_large_image\" \/>\n<meta name=\"twitter:label1\" content=\"Tiempo de lectura\" \/>\n\t<meta name=\"twitter:data1\" content=\"1 minuto\" \/>\n<script type=\"application\/ld+json\" class=\"yoast-schema-graph\">{\"@context\":\"https:\\\/\\\/schema.org\",\"@graph\":[{\"@type\":\"WebPage\",\"@id\":\"https:\\\/\\\/imsnaturally.com\\\/product\\\/sinucare-60-softgels\\\/\",\"url\":\"https:\\\/\\\/imsnaturally.com\\\/product\\\/sinucare-60-softgels\\\/\",\"name\":\"SinuCare\u2122 #60 softgels\",\"isPartOf\":{\"@id\":\"https:\\\/\\\/imsnaturally.com\\\/#website\"},\"primaryImageOfPage\":{\"@id\":\"https:\\\/\\\/imsnaturally.com\\\/product\\\/sinucare-60-softgels\\\/#primaryimage\"},\"image\":{\"@id\":\"https:\\\/\\\/imsnaturally.com\\\/product\\\/sinucare-60-softgels\\\/#primaryimage\"},\"thumbnailUrl\":\"https:\\\/\\\/imsnaturally.com\\\/wp-content\\\/uploads\\\/2022\\\/07\\\/sinucare60new-e1733942175420.jpg\",\"datePublished\":\"2022-07-20T12:50:27+00:00\",\"dateModified\":\"2026-03-03T20:41:36+00:00\",\"description\":\"El eucalipto ha sido estudiado mucho tiempo y ha sido mostrado para apoyar la salud de seno y mantener pasajes bronquiales claros. SinuCare\u2122 es un producto maravilloso para apoyar la estructura y la funci\u00f3n de los senos.\",\"breadcrumb\":{\"@id\":\"https:\\\/\\\/imsnaturally.com\\\/product\\\/sinucare-60-softgels\\\/#breadcrumb\"},\"inLanguage\":\"es-MX\",\"potentialAction\":[{\"@type\":\"ReadAction\",\"target\":[\"https:\\\/\\\/imsnaturally.com\\\/product\\\/sinucare-60-softgels\\\/\"]}]},{\"@type\":\"ImageObject\",\"inLanguage\":\"es-MX\",\"@id\":\"https:\\\/\\\/imsnaturally.com\\\/product\\\/sinucare-60-softgels\\\/#primaryimage\",\"url\":\"https:\\\/\\\/imsnaturally.com\\\/wp-content\\\/uploads\\\/2022\\\/07\\\/sinucare60new-e1733942175420.jpg\",\"contentUrl\":\"https:\\\/\\\/imsnaturally.com\\\/wp-content\\\/uploads\\\/2022\\\/07\\\/sinucare60new-e1733942175420.jpg\",\"width\":236,\"height\":359,\"caption\":\"Sinucare #60\"},{\"@type\":\"BreadcrumbList\",\"@id\":\"https:\\\/\\\/imsnaturally.com\\\/product\\\/sinucare-60-softgels\\\/#breadcrumb\",\"itemListElement\":[{\"@type\":\"ListItem\",\"position\":1,\"name\":\"Home\",\"item\":\"https:\\\/\\\/imsnaturally.com\\\/\"},{\"@type\":\"ListItem\",\"position\":2,\"name\":\"Shop\",\"item\":\"https:\\\/\\\/imsnaturally.com\\\/shop\\\/\"},{\"@type\":\"ListItem\",\"position\":3,\"name\":\"SinuCare\u2122 #60 softgels\"}]},{\"@type\":\"WebSite\",\"@id\":\"https:\\\/\\\/imsnaturally.com\\\/#website\",\"url\":\"https:\\\/\\\/imsnaturally.com\\\/\",\"name\":\"IMS Naturally \\\/ IMS Supplements, Inc.\",\"description\":\"\",\"publisher\":{\"@id\":\"https:\\\/\\\/imsnaturally.com\\\/#organization\"},\"potentialAction\":[{\"@type\":\"SearchAction\",\"target\":{\"@type\":\"EntryPoint\",\"urlTemplate\":\"https:\\\/\\\/imsnaturally.com\\\/?s={search_term_string}\"},\"query-input\":{\"@type\":\"PropertyValueSpecification\",\"valueRequired\":true,\"valueName\":\"search_term_string\"}}],\"inLanguage\":\"es-MX\"},{\"@type\":\"Organization\",\"@id\":\"https:\\\/\\\/imsnaturally.com\\\/#organization\",\"name\":\"IMS Naturally \\\/ IMS Supplements, Inc.\",\"url\":\"https:\\\/\\\/imsnaturally.com\\\/\",\"logo\":{\"@type\":\"ImageObject\",\"inLanguage\":\"es-MX\",\"@id\":\"https:\\\/\\\/imsnaturally.com\\\/#\\\/schema\\\/logo\\\/image\\\/\",\"url\":\"https:\\\/\\\/imsnaturally.com\\\/wp-content\\\/uploads\\\/2022\\\/07\\\/logo.jpg\",\"contentUrl\":\"https:\\\/\\\/imsnaturally.com\\\/wp-content\\\/uploads\\\/2022\\\/07\\\/logo.jpg\",\"width\":375,\"height\":79,\"caption\":\"IMS Naturally \\\/ IMS Supplements, Inc.\"},\"image\":{\"@id\":\"https:\\\/\\\/imsnaturally.com\\\/#\\\/schema\\\/logo\\\/image\\\/\"}}]}<\/script>\n<!-- \/ Yoast SEO plugin. -->","yoast_head_json":{"title":"SinuCare\u2122 #60 softgels","description":"El eucalipto ha sido estudiado mucho tiempo y ha sido mostrado para apoyar la salud de seno y mantener pasajes bronquiales claros. SinuCare\u2122 es un producto maravilloso para apoyar la estructura y la funci\u00f3n de los senos.","robots":{"index":"index","follow":"follow","max-snippet":"max-snippet:-1","max-image-preview":"max-image-preview:large","max-video-preview":"max-video-preview:-1"},"canonical":"https:\/\/imsnaturally.com\/es\/product\/sinucare-60-softgels\/","og_locale":"es_MX","og_type":"article","og_title":"[:en]SinuCare\u2122 #60 softgels[:es]SinuCare\u2122 #60 softgels[:] - IMS Naturally \/ IMS Supplements, Inc.","og_description":"[:en]Due to demand now available in this convenient larger size. Eucalyptus has long been studied and shown to support sinus health and maintain clear bronchial passages. SinuCare\u2122 is a wonderful product for supporting the structure and function of the sinuses.[:es]El eucalipto ha sido estudiado mucho tiempo y ha sido mostrado para apoyar la salud de seno y mantener pasajes bronquiales claros. SinuCare\u2122 es un producto maravilloso para apoyar la estructura y la funci\u00f3n de los senos.[:]","og_url":"https:\/\/imsnaturally.com\/es\/product\/sinucare-60-softgels\/","og_site_name":"IMS Naturally \/ IMS Supplements, Inc.","article_modified_time":"2026-03-03T20:41:36+00:00","og_image":[{"width":236,"height":359,"url":"https:\/\/imsnaturally.com\/wp-content\/uploads\/2022\/07\/sinucare60new-e1733942175420.jpg","type":"image\/jpeg"}],"twitter_card":"summary_large_image","twitter_misc":{"Tiempo de lectura":"1 minuto"},"schema":{"@context":"https:\/\/schema.org","@graph":[{"@type":"WebPage","@id":"https:\/\/imsnaturally.com\/product\/sinucare-60-softgels\/","url":"https:\/\/imsnaturally.com\/product\/sinucare-60-softgels\/","name":"SinuCare\u2122 #60 softgels","isPartOf":{"@id":"https:\/\/imsnaturally.com\/#website"},"primaryImageOfPage":{"@id":"https:\/\/imsnaturally.com\/product\/sinucare-60-softgels\/#primaryimage"},"image":{"@id":"https:\/\/imsnaturally.com\/product\/sinucare-60-softgels\/#primaryimage"},"thumbnailUrl":"https:\/\/imsnaturally.com\/wp-content\/uploads\/2022\/07\/sinucare60new-e1733942175420.jpg","datePublished":"2022-07-20T12:50:27+00:00","dateModified":"2026-03-03T20:41:36+00:00","description":"El eucalipto ha sido estudiado mucho tiempo y ha sido mostrado para apoyar la salud de seno y mantener pasajes bronquiales claros. SinuCare\u2122 es un producto maravilloso para apoyar la estructura y la funci\u00f3n de los senos.","breadcrumb":{"@id":"https:\/\/imsnaturally.com\/product\/sinucare-60-softgels\/#breadcrumb"},"inLanguage":"es-MX","potentialAction":[{"@type":"ReadAction","target":["https:\/\/imsnaturally.com\/product\/sinucare-60-softgels\/"]}]},{"@type":"ImageObject","inLanguage":"es-MX","@id":"https:\/\/imsnaturally.com\/product\/sinucare-60-softgels\/#primaryimage","url":"https:\/\/imsnaturally.com\/wp-content\/uploads\/2022\/07\/sinucare60new-e1733942175420.jpg","contentUrl":"https:\/\/imsnaturally.com\/wp-content\/uploads\/2022\/07\/sinucare60new-e1733942175420.jpg","width":236,"height":359,"caption":"Sinucare #60"},{"@type":"BreadcrumbList","@id":"https:\/\/imsnaturally.com\/product\/sinucare-60-softgels\/#breadcrumb","itemListElement":[{"@type":"ListItem","position":1,"name":"Home","item":"https:\/\/imsnaturally.com\/"},{"@type":"ListItem","position":2,"name":"Shop","item":"https:\/\/imsnaturally.com\/shop\/"},{"@type":"ListItem","position":3,"name":"SinuCare\u2122 #60 softgels"}]},{"@type":"WebSite","@id":"https:\/\/imsnaturally.com\/#website","url":"https:\/\/imsnaturally.com\/","name":"IMS Naturally \/ IMS Supplements, Inc.","description":"","publisher":{"@id":"https:\/\/imsnaturally.com\/#organization"},"potentialAction":[{"@type":"SearchAction","target":{"@type":"EntryPoint","urlTemplate":"https:\/\/imsnaturally.com\/?s={search_term_string}"},"query-input":{"@type":"PropertyValueSpecification","valueRequired":true,"valueName":"search_term_string"}}],"inLanguage":"es-MX"},{"@type":"Organization","@id":"https:\/\/imsnaturally.com\/#organization","name":"IMS Naturally \/ IMS Supplements, Inc.","url":"https:\/\/imsnaturally.com\/","logo":{"@type":"ImageObject","inLanguage":"es-MX","@id":"https:\/\/imsnaturally.com\/#\/schema\/logo\/image\/","url":"https:\/\/imsnaturally.com\/wp-content\/uploads\/2022\/07\/logo.jpg","contentUrl":"https:\/\/imsnaturally.com\/wp-content\/uploads\/2022\/07\/logo.jpg","width":375,"height":79,"caption":"IMS Naturally \/ IMS Supplements, Inc."},"image":{"@id":"https:\/\/imsnaturally.com\/#\/schema\/logo\/image\/"}}]}},"_links":{"self":[{"href":"https:\/\/imsnaturally.com\/es\/wp-json\/wp\/v2\/product\/84","targetHints":{"allow":["GET"]}}],"collection":[{"href":"https:\/\/imsnaturally.com\/es\/wp-json\/wp\/v2\/product"}],"about":[{"href":"https:\/\/imsnaturally.com\/es\/wp-json\/wp\/v2\/types\/product"}],"replies":[{"embeddable":true,"href":"https:\/\/imsnaturally.com\/es\/wp-json\/wp\/v2\/comments?post=84"}],"wp:featuredmedia":[{"embeddable":true,"href":"https:\/\/imsnaturally.com\/es\/wp-json\/wp\/v2\/media\/37093"}],"wp:attachment":[{"href":"https:\/\/imsnaturally.com\/es\/wp-json\/wp\/v2\/media?parent=84"}],"wp:term":[{"taxonomy":"product_cat","embeddable":true,"href":"https:\/\/imsnaturally.com\/es\/wp-json\/wp\/v2\/product_cat?post=84"},{"taxonomy":"product_tag","embeddable":true,"href":"https:\/\/imsnaturally.com\/es\/wp-json\/wp\/v2\/product_tag?post=84"}],"curies":[{"name":"wp","href":"https:\/\/api.w.org\/{rel}","templated":true}]}}