{"id":83,"date":"2022-07-20T12:50:27","date_gmt":"2022-07-20T12:50:27","guid":{"rendered":"https:\/\/www.imsnaturally.com\/?post_type=product&#038;p=83"},"modified":"2025-06-04T22:56:09","modified_gmt":"2025-06-04T22:56:09","slug":"3-best-prostate","status":"publish","type":"product","link":"https:\/\/imsnaturally.com\/es\/product\/3-best-prostate\/","title":{"rendered":"3 Mejor Prostata"},"content":{"rendered":"","protected":false},"excerpt":{"rendered":"<p>3 botellas de Mejor Pr\u00f3stata contienen 60 capsula por botella (3 suministro de mes). Guarda $15,00 cuando compra 3 botellas. Cada c\u00e1psula vegetal contiene 310 Beta-Sitosterol de mg, el Zinc, y el Selenio. Mejor Pr\u00f3stata\u2122 es fabricado en EEUU en un NSF, GMP Registrada facilidad. Ofrecemos una 100% de garant\u00eda de devoluci\u00f3n que Mejor Pr\u00f3stata ayudar\u00e1 usted. Nuestra f\u00f3rmula de la pr\u00f3stata es dise\u00f1ada para proporcionar s\u00f3lo los ingredientes esenciales que usted debe mejorar la salud de pr\u00f3stata. Nosotros no agregamos ingredientes innecesarios, las carpetas ni las masillas. Los precios est\u00e1n en el currency de USA.<\/p>\n<p>Para obtener mas informaci\u00f3n, por favor visite la <a href=\"http:\/\/www.mejorprostata.com\/\" target=\"_blank\" rel=\"noopener\"><u>p\u00e1gina<\/u><\/a> del producto.<\/p>\n","protected":false},"featured_media":37343,"comment_status":"open","ping_status":"closed","template":"","meta":[],"product_cat":[15],"product_tag":[],"class_list":{"0":"post-83","1":"product","2":"type-product","3":"status-publish","4":"has-post-thumbnail","6":"product_brand-ims-supplements-inc","7":"product_cat-best-prostate-prostate-health","9":"first","10":"instock","11":"sale","12":"taxable","13":"shipping-taxable","14":"purchasable","15":"product-type-simple"},"yoast_head":"<!-- This site is optimized with the Yoast SEO plugin v27.5 - https:\/\/yoast.com\/product\/yoast-seo-wordpress\/ -->\n<title>3 Mejor Prostata<\/title>\n<meta name=\"description\" content=\"3 botellas de Mejor Pr\u00f3stata contienen 60 capsula por botella (3 suministro de mes). Guarda $15,00 cuando compra 3 botellas. Cada c\u00e1psula vegetal contiene 310 Beta-Sitosterol de mg, el Zinc, y el Selenio. Mejor Pr\u00f3stata\u2122 es fabricado en EEUU en un NSF, GMP Registrada facilidad.\" \/>\n<meta name=\"robots\" content=\"index, follow, max-snippet:-1, max-image-preview:large, max-video-preview:-1\" \/>\n<link rel=\"canonical\" href=\"https:\/\/imsnaturally.com\/es\/product\/3-best-prostate\/\" \/>\n<meta property=\"og:locale\" content=\"es_MX\" \/>\n<meta property=\"og:locale:alternate\" content=\"en_US\" \/>\n<meta property=\"og:type\" content=\"article\" \/>\n<meta property=\"og:title\" content=\"3 Mejor Prostata\" \/>\n<meta property=\"og:description\" content=\"3 botellas de Mejor Pr\u00f3stata contienen 60 capsula por botella (3 suministro de mes). Guarda $15,00 cuando compra 3 botellas. Cada c\u00e1psula vegetal contiene 310 Beta-Sitosterol de mg, el Zinc, y el Selenio. Mejor Pr\u00f3stata\u2122 es fabricado en EEUU en un NSF, GMP Registrada facilidad.\" \/>\n<meta property=\"og:url\" content=\"https:\/\/imsnaturally.com\/es\/product\/3-best-prostate\/\" \/>\n<meta property=\"og:site_name\" content=\"IMS Naturally \/ IMS Supplements, Inc.\" \/>\n<meta property=\"article:modified_time\" content=\"2025-06-04T22:56:09+00:00\" \/>\n<meta property=\"og:image\" content=\"https:\/\/imsnaturally.com\/wp-content\/uploads\/2022\/07\/2025blink_3botIMScart.gif\" \/>\n\t<meta property=\"og:image:width\" content=\"200\" \/>\n\t<meta property=\"og:image:height\" content=\"311\" \/>\n\t<meta property=\"og:image:type\" content=\"image\/gif\" \/>\n<meta name=\"twitter:card\" content=\"summary_large_image\" \/>\n<meta name=\"twitter:label1\" content=\"Tiempo de lectura\" \/>\n\t<meta name=\"twitter:data1\" content=\"1 minuto\" \/>\n<script type=\"application\/ld+json\" class=\"yoast-schema-graph\">{\"@context\":\"https:\\\/\\\/schema.org\",\"@graph\":[{\"@type\":\"WebPage\",\"@id\":\"https:\\\/\\\/imsnaturally.com\\\/product\\\/3-best-prostate\\\/\",\"url\":\"https:\\\/\\\/imsnaturally.com\\\/product\\\/3-best-prostate\\\/\",\"name\":\"3 Mejor Prostata\",\"isPartOf\":{\"@id\":\"https:\\\/\\\/imsnaturally.com\\\/#website\"},\"primaryImageOfPage\":{\"@id\":\"https:\\\/\\\/imsnaturally.com\\\/product\\\/3-best-prostate\\\/#primaryimage\"},\"image\":{\"@id\":\"https:\\\/\\\/imsnaturally.com\\\/product\\\/3-best-prostate\\\/#primaryimage\"},\"thumbnailUrl\":\"https:\\\/\\\/imsnaturally.com\\\/wp-content\\\/uploads\\\/2022\\\/07\\\/2025blink_3botIMScart.gif\",\"datePublished\":\"2022-07-20T12:50:27+00:00\",\"dateModified\":\"2025-06-04T22:56:09+00:00\",\"description\":\"3 botellas de Mejor Pr\u00f3stata contienen 60 capsula por botella (3 suministro de mes). Guarda $15,00 cuando compra 3 botellas. Cada c\u00e1psula vegetal contiene 310 Beta-Sitosterol de mg, el Zinc, y el Selenio. Mejor Pr\u00f3stata\u2122 es fabricado en EEUU en un NSF, GMP Registrada facilidad.\",\"breadcrumb\":{\"@id\":\"https:\\\/\\\/imsnaturally.com\\\/product\\\/3-best-prostate\\\/#breadcrumb\"},\"inLanguage\":\"es-MX\",\"potentialAction\":[{\"@type\":\"ReadAction\",\"target\":[\"https:\\\/\\\/imsnaturally.com\\\/product\\\/3-best-prostate\\\/\"]}]},{\"@type\":\"ImageObject\",\"inLanguage\":\"es-MX\",\"@id\":\"https:\\\/\\\/imsnaturally.com\\\/product\\\/3-best-prostate\\\/#primaryimage\",\"url\":\"https:\\\/\\\/imsnaturally.com\\\/wp-content\\\/uploads\\\/2022\\\/07\\\/2025blink_3botIMScart.gif\",\"contentUrl\":\"https:\\\/\\\/imsnaturally.com\\\/wp-content\\\/uploads\\\/2022\\\/07\\\/2025blink_3botIMScart.gif\",\"width\":200,\"height\":311,\"caption\":\"3 Bottles of Best Prostate\"},{\"@type\":\"BreadcrumbList\",\"@id\":\"https:\\\/\\\/imsnaturally.com\\\/product\\\/3-best-prostate\\\/#breadcrumb\",\"itemListElement\":[{\"@type\":\"ListItem\",\"position\":1,\"name\":\"Home\",\"item\":\"https:\\\/\\\/imsnaturally.com\\\/\"},{\"@type\":\"ListItem\",\"position\":2,\"name\":\"Shop\",\"item\":\"https:\\\/\\\/imsnaturally.com\\\/shop\\\/\"},{\"@type\":\"ListItem\",\"position\":3,\"name\":\"3 Best Prostate\"}]},{\"@type\":\"WebSite\",\"@id\":\"https:\\\/\\\/imsnaturally.com\\\/#website\",\"url\":\"https:\\\/\\\/imsnaturally.com\\\/\",\"name\":\"IMS Naturally \\\/ IMS Supplements, Inc.\",\"description\":\"\",\"publisher\":{\"@id\":\"https:\\\/\\\/imsnaturally.com\\\/#organization\"},\"potentialAction\":[{\"@type\":\"SearchAction\",\"target\":{\"@type\":\"EntryPoint\",\"urlTemplate\":\"https:\\\/\\\/imsnaturally.com\\\/?s={search_term_string}\"},\"query-input\":{\"@type\":\"PropertyValueSpecification\",\"valueRequired\":true,\"valueName\":\"search_term_string\"}}],\"inLanguage\":\"es-MX\"},{\"@type\":\"Organization\",\"@id\":\"https:\\\/\\\/imsnaturally.com\\\/#organization\",\"name\":\"IMS Naturally \\\/ IMS Supplements, Inc.\",\"url\":\"https:\\\/\\\/imsnaturally.com\\\/\",\"logo\":{\"@type\":\"ImageObject\",\"inLanguage\":\"es-MX\",\"@id\":\"https:\\\/\\\/imsnaturally.com\\\/#\\\/schema\\\/logo\\\/image\\\/\",\"url\":\"https:\\\/\\\/imsnaturally.com\\\/wp-content\\\/uploads\\\/2022\\\/07\\\/logo.jpg\",\"contentUrl\":\"https:\\\/\\\/imsnaturally.com\\\/wp-content\\\/uploads\\\/2022\\\/07\\\/logo.jpg\",\"width\":375,\"height\":79,\"caption\":\"IMS Naturally \\\/ IMS Supplements, Inc.\"},\"image\":{\"@id\":\"https:\\\/\\\/imsnaturally.com\\\/#\\\/schema\\\/logo\\\/image\\\/\"}}]}<\/script>\n<!-- \/ Yoast SEO plugin. -->","yoast_head_json":{"title":"3 Mejor Prostata","description":"3 botellas de Mejor Pr\u00f3stata contienen 60 capsula por botella (3 suministro de mes). Guarda $15,00 cuando compra 3 botellas. Cada c\u00e1psula vegetal contiene 310 Beta-Sitosterol de mg, el Zinc, y el Selenio. Mejor Pr\u00f3stata\u2122 es fabricado en EEUU en un NSF, GMP Registrada facilidad.","robots":{"index":"index","follow":"follow","max-snippet":"max-snippet:-1","max-image-preview":"max-image-preview:large","max-video-preview":"max-video-preview:-1"},"canonical":"https:\/\/imsnaturally.com\/es\/product\/3-best-prostate\/","og_locale":"es_MX","og_type":"article","og_title":"[:en]3 Best Prostate[:es]3 Mejor Prostata[:] - IMS Naturally \/ IMS Supplements, Inc.","og_description":"[:en]3 bottles of Best Prostate contains 60 capsule per bottle (3 month supply). You save $12.00 when you purchase 3 bottles. Each vegetable capsule contains 310mg Beta-Sitosterol, Zinc, and Selenium. Best Prostate\u00ae is manufactured in the USA in a NSF, GMP Registered facility.[:es]3 botellas de Mejor Pr\u00f3stata contienen 60 capsula por botella (3 suministro de mes). Guarda $15,00 cuando compra 3 botellas. Cada c\u00e1psula vegetal contiene 310 Beta-Sitosterol de mg, el Zinc, y el Selenio. Mejor Pr\u00f3stata\u2122 es fabricado en EEUU en un NSF, GMP Registrada facilidad.[:]","og_url":"https:\/\/imsnaturally.com\/es\/product\/3-best-prostate\/","og_site_name":"IMS Naturally \/ IMS Supplements, Inc.","article_modified_time":"2025-06-04T22:56:09+00:00","og_image":[{"width":200,"height":311,"url":"https:\/\/imsnaturally.com\/wp-content\/uploads\/2022\/07\/2025blink_3botIMScart.gif","type":"image\/gif"}],"twitter_card":"summary_large_image","twitter_misc":{"Tiempo de lectura":"1 minuto"},"schema":{"@context":"https:\/\/schema.org","@graph":[{"@type":"WebPage","@id":"https:\/\/imsnaturally.com\/product\/3-best-prostate\/","url":"https:\/\/imsnaturally.com\/product\/3-best-prostate\/","name":"3 Mejor Prostata","isPartOf":{"@id":"https:\/\/imsnaturally.com\/#website"},"primaryImageOfPage":{"@id":"https:\/\/imsnaturally.com\/product\/3-best-prostate\/#primaryimage"},"image":{"@id":"https:\/\/imsnaturally.com\/product\/3-best-prostate\/#primaryimage"},"thumbnailUrl":"https:\/\/imsnaturally.com\/wp-content\/uploads\/2022\/07\/2025blink_3botIMScart.gif","datePublished":"2022-07-20T12:50:27+00:00","dateModified":"2025-06-04T22:56:09+00:00","description":"3 botellas de Mejor Pr\u00f3stata contienen 60 capsula por botella (3 suministro de mes). Guarda $15,00 cuando compra 3 botellas. Cada c\u00e1psula vegetal contiene 310 Beta-Sitosterol de mg, el Zinc, y el Selenio. Mejor Pr\u00f3stata\u2122 es fabricado en EEUU en un NSF, GMP Registrada facilidad.","breadcrumb":{"@id":"https:\/\/imsnaturally.com\/product\/3-best-prostate\/#breadcrumb"},"inLanguage":"es-MX","potentialAction":[{"@type":"ReadAction","target":["https:\/\/imsnaturally.com\/product\/3-best-prostate\/"]}]},{"@type":"ImageObject","inLanguage":"es-MX","@id":"https:\/\/imsnaturally.com\/product\/3-best-prostate\/#primaryimage","url":"https:\/\/imsnaturally.com\/wp-content\/uploads\/2022\/07\/2025blink_3botIMScart.gif","contentUrl":"https:\/\/imsnaturally.com\/wp-content\/uploads\/2022\/07\/2025blink_3botIMScart.gif","width":200,"height":311,"caption":"3 Bottles of Best Prostate"},{"@type":"BreadcrumbList","@id":"https:\/\/imsnaturally.com\/product\/3-best-prostate\/#breadcrumb","itemListElement":[{"@type":"ListItem","position":1,"name":"Home","item":"https:\/\/imsnaturally.com\/"},{"@type":"ListItem","position":2,"name":"Shop","item":"https:\/\/imsnaturally.com\/shop\/"},{"@type":"ListItem","position":3,"name":"3 Best Prostate"}]},{"@type":"WebSite","@id":"https:\/\/imsnaturally.com\/#website","url":"https:\/\/imsnaturally.com\/","name":"IMS Naturally \/ IMS Supplements, Inc.","description":"","publisher":{"@id":"https:\/\/imsnaturally.com\/#organization"},"potentialAction":[{"@type":"SearchAction","target":{"@type":"EntryPoint","urlTemplate":"https:\/\/imsnaturally.com\/?s={search_term_string}"},"query-input":{"@type":"PropertyValueSpecification","valueRequired":true,"valueName":"search_term_string"}}],"inLanguage":"es-MX"},{"@type":"Organization","@id":"https:\/\/imsnaturally.com\/#organization","name":"IMS Naturally \/ IMS Supplements, Inc.","url":"https:\/\/imsnaturally.com\/","logo":{"@type":"ImageObject","inLanguage":"es-MX","@id":"https:\/\/imsnaturally.com\/#\/schema\/logo\/image\/","url":"https:\/\/imsnaturally.com\/wp-content\/uploads\/2022\/07\/logo.jpg","contentUrl":"https:\/\/imsnaturally.com\/wp-content\/uploads\/2022\/07\/logo.jpg","width":375,"height":79,"caption":"IMS Naturally \/ IMS Supplements, Inc."},"image":{"@id":"https:\/\/imsnaturally.com\/#\/schema\/logo\/image\/"}}]}},"_links":{"self":[{"href":"https:\/\/imsnaturally.com\/es\/wp-json\/wp\/v2\/product\/83","targetHints":{"allow":["GET"]}}],"collection":[{"href":"https:\/\/imsnaturally.com\/es\/wp-json\/wp\/v2\/product"}],"about":[{"href":"https:\/\/imsnaturally.com\/es\/wp-json\/wp\/v2\/types\/product"}],"replies":[{"embeddable":true,"href":"https:\/\/imsnaturally.com\/es\/wp-json\/wp\/v2\/comments?post=83"}],"wp:featuredmedia":[{"embeddable":true,"href":"https:\/\/imsnaturally.com\/es\/wp-json\/wp\/v2\/media\/37343"}],"wp:attachment":[{"href":"https:\/\/imsnaturally.com\/es\/wp-json\/wp\/v2\/media?parent=83"}],"wp:term":[{"taxonomy":"product_cat","embeddable":true,"href":"https:\/\/imsnaturally.com\/es\/wp-json\/wp\/v2\/product_cat?post=83"},{"taxonomy":"product_tag","embeddable":true,"href":"https:\/\/imsnaturally.com\/es\/wp-json\/wp\/v2\/product_tag?post=83"}],"curies":[{"name":"wp","href":"https:\/\/api.w.org\/{rel}","templated":true}]}}