{"id":70,"date":"2022-07-20T12:50:25","date_gmt":"2022-07-20T12:50:25","guid":{"rendered":"https:\/\/www.imsnaturally.com\/?post_type=product&#038;p=70"},"modified":"2022-08-25T19:43:11","modified_gmt":"2022-08-25T19:43:11","slug":"quick2sleep","status":"publish","type":"product","link":"https:\/\/imsnaturally.com\/es\/product\/quick2sleep\/","title":{"rendered":"Quick2Sleep"},"content":{"rendered":"<p><img loading=\"lazy\" decoding=\"async\" class=\"alignnone size-medium wp-image-35716\" src=\"http:\/\/imsnaturally.com\/wp-content\/uploads\/2022\/07\/finalq2s-210x300.jpg\" alt=\"Quick2Sleep Sleep Strips\" width=\"210\" height=\"300\" srcset=\"https:\/\/imsnaturally.com\/wp-content\/uploads\/2022\/07\/finalq2s-210x300.jpg 210w, https:\/\/imsnaturally.com\/wp-content\/uploads\/2022\/07\/finalq2s-717x1024.jpg 717w, https:\/\/imsnaturally.com\/wp-content\/uploads\/2022\/07\/finalq2s-768x1097.jpg 768w, https:\/\/imsnaturally.com\/wp-content\/uploads\/2022\/07\/finalq2s-1075x1536.jpg 1075w, https:\/\/imsnaturally.com\/wp-content\/uploads\/2022\/07\/finalq2s-1433x2048.jpg 1433w, https:\/\/imsnaturally.com\/wp-content\/uploads\/2022\/07\/finalq2s-600x857.jpg 600w, https:\/\/imsnaturally.com\/wp-content\/uploads\/2022\/07\/finalq2s-scaled.jpg 1792w\" sizes=\"auto, (max-width: 210px) 100vw, 210px\" \/><\/p>\n","protected":false},"excerpt":{"rendered":"<p>24 tiras de disoluci\u00f3n \/ paquete. Lanzando, de inflexi\u00f3n, un lote en su mente, incapaz de dormir? .. Ahora natural dormir ayuda que te ayuda a dormir &#8230; Casi al instante! Duermase aprisa\u2122 es 100% natural, de venta libre y no forman h\u00e1bito. Que usted coloque la tira en su lengua, se disuelve, usted r\u00e1pidamente el sue\u00f1o, de despertar descansado y disfrutar de su d\u00eda! Ideal para el viajero de negocios o cuando es demasiado tarde para tener que dormir ayuda prescripci\u00f3n porque usted tiene que despertarse! Nature&#8217;s Duermase aprisa\u2122 es la m\u00e1s eficaz, conveniente, m\u00e1s r\u00e1pido y actuando dormir recurso.<\/p>\n<p>Para obtener mas informaci\u00f3n, por favor visite la <a href=\"https:\/\/www.quick2sleep.com\/\" target=\"_blank\" rel=\"noopener\"><u>p\u00e1gina<\/u><\/a> del producto.<\/p>\n","protected":false},"featured_media":35716,"comment_status":"open","ping_status":"closed","template":"","meta":[],"product_cat":[34],"product_tag":[],"class_list":{"0":"post-70","1":"product","2":"type-product","3":"status-publish","4":"has-post-thumbnail","6":"product_brand-ims-supplements-inc","7":"product_cat-quick-2-sleep","9":"first","10":"instock","11":"taxable","12":"shipping-taxable","13":"purchasable","14":"product-type-simple"},"yoast_head":"<!-- This site is optimized with the Yoast SEO plugin v27.5 - https:\/\/yoast.com\/product\/yoast-seo-wordpress\/ -->\n<title>Quick2Sleep<\/title>\n<meta name=\"description\" content=\"24 tiras de disoluci\u00f3n \/ paquete. Lanzando, de inflexi\u00f3n, un lote en su mente, incapaz de dormir? .. Ahora natural dormir ayuda que te ayuda a dormir ... Casi al instante! Duermase aprisa\u2122 es 100% natural, de venta libre y no forman h\u00e1bito. Que usted coloque la tira en su lengua, se disuelve, usted r\u00e1pidamente el sue\u00f1o, de despertar descansado y disfrutar de su d\u00eda!\" \/>\n<meta name=\"robots\" content=\"index, follow, max-snippet:-1, max-image-preview:large, max-video-preview:-1\" \/>\n<link rel=\"canonical\" href=\"https:\/\/imsnaturally.com\/es\/product\/quick2sleep\/\" \/>\n<meta property=\"og:locale\" content=\"es_MX\" \/>\n<meta property=\"og:locale:alternate\" content=\"en_US\" \/>\n<meta property=\"og:type\" content=\"article\" \/>\n<meta property=\"og:title\" content=\"Quick2Sleep\" \/>\n<meta property=\"og:description\" content=\"24 tiras de disoluci\u00f3n \/ paquete. Lanzando, de inflexi\u00f3n, un lote en su mente, incapaz de dormir? .. Ahora natural dormir ayuda que te ayuda a dormir ... Casi al instante! Duermase aprisa\u2122 es 100% natural, de venta libre y no forman h\u00e1bito. Que usted coloque la tira en su lengua, se disuelve, usted r\u00e1pidamente el sue\u00f1o, de despertar descansado y disfrutar de su d\u00eda!\" \/>\n<meta property=\"og:url\" content=\"https:\/\/imsnaturally.com\/es\/product\/quick2sleep\/\" \/>\n<meta property=\"og:site_name\" content=\"IMS Naturally \/ IMS Supplements, Inc.\" \/>\n<meta property=\"article:modified_time\" content=\"2022-08-25T19:43:11+00:00\" \/>\n<meta property=\"og:image\" content=\"https:\/\/imsnaturally.com\/wp-content\/uploads\/2022\/07\/finalq2s-scaled.jpg\" \/>\n\t<meta property=\"og:image:width\" content=\"1792\" \/>\n\t<meta property=\"og:image:height\" content=\"2560\" \/>\n\t<meta property=\"og:image:type\" content=\"image\/jpeg\" \/>\n<meta name=\"twitter:card\" content=\"summary_large_image\" \/>\n<meta name=\"twitter:label1\" content=\"Tiempo de lectura\" \/>\n\t<meta name=\"twitter:data1\" content=\"1 minuto\" \/>\n<script type=\"application\/ld+json\" class=\"yoast-schema-graph\">{\"@context\":\"https:\\\/\\\/schema.org\",\"@graph\":[{\"@type\":\"WebPage\",\"@id\":\"https:\\\/\\\/imsnaturally.com\\\/es\\\/product\\\/quick2sleep\\\/\",\"url\":\"https:\\\/\\\/imsnaturally.com\\\/es\\\/product\\\/quick2sleep\\\/\",\"name\":\"Quick2Sleep\",\"isPartOf\":{\"@id\":\"https:\\\/\\\/imsnaturally.com\\\/#website\"},\"primaryImageOfPage\":{\"@id\":\"https:\\\/\\\/imsnaturally.com\\\/es\\\/product\\\/quick2sleep\\\/#primaryimage\"},\"image\":{\"@id\":\"https:\\\/\\\/imsnaturally.com\\\/es\\\/product\\\/quick2sleep\\\/#primaryimage\"},\"thumbnailUrl\":\"https:\\\/\\\/imsnaturally.com\\\/wp-content\\\/uploads\\\/2022\\\/07\\\/finalq2s-scaled.jpg\",\"datePublished\":\"2022-07-20T12:50:25+00:00\",\"dateModified\":\"2022-08-25T19:43:11+00:00\",\"description\":\"24 tiras de disoluci\u00f3n \\\/ paquete. Lanzando, de inflexi\u00f3n, un lote en su mente, incapaz de dormir? .. Ahora natural dormir ayuda que te ayuda a dormir ... Casi al instante! Duermase aprisa\u2122 es 100% natural, de venta libre y no forman h\u00e1bito. Que usted coloque la tira en su lengua, se disuelve, usted r\u00e1pidamente el sue\u00f1o, de despertar descansado y disfrutar de su d\u00eda!\",\"breadcrumb\":{\"@id\":\"https:\\\/\\\/imsnaturally.com\\\/es\\\/product\\\/quick2sleep\\\/#breadcrumb\"},\"inLanguage\":\"es-MX\",\"potentialAction\":[{\"@type\":\"ReadAction\",\"target\":[\"https:\\\/\\\/imsnaturally.com\\\/es\\\/product\\\/quick2sleep\\\/\"]}]},{\"@type\":\"ImageObject\",\"inLanguage\":\"es-MX\",\"@id\":\"https:\\\/\\\/imsnaturally.com\\\/es\\\/product\\\/quick2sleep\\\/#primaryimage\",\"url\":\"https:\\\/\\\/imsnaturally.com\\\/wp-content\\\/uploads\\\/2022\\\/07\\\/finalq2s-scaled.jpg\",\"contentUrl\":\"https:\\\/\\\/imsnaturally.com\\\/wp-content\\\/uploads\\\/2022\\\/07\\\/finalq2s-scaled.jpg\",\"width\":1792,\"height\":2560,\"caption\":\"Quick2Sleep Sleep Strips\"},{\"@type\":\"BreadcrumbList\",\"@id\":\"https:\\\/\\\/imsnaturally.com\\\/es\\\/product\\\/quick2sleep\\\/#breadcrumb\",\"itemListElement\":[{\"@type\":\"ListItem\",\"position\":1,\"name\":\"Home\",\"item\":\"https:\\\/\\\/imsnaturally.com\\\/\"},{\"@type\":\"ListItem\",\"position\":2,\"name\":\"Shop\",\"item\":\"https:\\\/\\\/imsnaturally.com\\\/shop\\\/\"},{\"@type\":\"ListItem\",\"position\":3,\"name\":\"Quick2Sleep\"}]},{\"@type\":\"WebSite\",\"@id\":\"https:\\\/\\\/imsnaturally.com\\\/#website\",\"url\":\"https:\\\/\\\/imsnaturally.com\\\/\",\"name\":\"IMS Naturally \\\/ IMS Supplements, Inc.\",\"description\":\"\",\"publisher\":{\"@id\":\"https:\\\/\\\/imsnaturally.com\\\/#organization\"},\"potentialAction\":[{\"@type\":\"SearchAction\",\"target\":{\"@type\":\"EntryPoint\",\"urlTemplate\":\"https:\\\/\\\/imsnaturally.com\\\/?s={search_term_string}\"},\"query-input\":{\"@type\":\"PropertyValueSpecification\",\"valueRequired\":true,\"valueName\":\"search_term_string\"}}],\"inLanguage\":\"es-MX\"},{\"@type\":\"Organization\",\"@id\":\"https:\\\/\\\/imsnaturally.com\\\/#organization\",\"name\":\"IMS Naturally \\\/ IMS Supplements, Inc.\",\"url\":\"https:\\\/\\\/imsnaturally.com\\\/\",\"logo\":{\"@type\":\"ImageObject\",\"inLanguage\":\"es-MX\",\"@id\":\"https:\\\/\\\/imsnaturally.com\\\/#\\\/schema\\\/logo\\\/image\\\/\",\"url\":\"https:\\\/\\\/imsnaturally.com\\\/wp-content\\\/uploads\\\/2022\\\/07\\\/logo.jpg\",\"contentUrl\":\"https:\\\/\\\/imsnaturally.com\\\/wp-content\\\/uploads\\\/2022\\\/07\\\/logo.jpg\",\"width\":375,\"height\":79,\"caption\":\"IMS Naturally \\\/ IMS Supplements, Inc.\"},\"image\":{\"@id\":\"https:\\\/\\\/imsnaturally.com\\\/#\\\/schema\\\/logo\\\/image\\\/\"}}]}<\/script>\n<!-- \/ Yoast SEO plugin. -->","yoast_head_json":{"title":"Quick2Sleep","description":"24 tiras de disoluci\u00f3n \/ paquete. Lanzando, de inflexi\u00f3n, un lote en su mente, incapaz de dormir? .. Ahora natural dormir ayuda que te ayuda a dormir ... Casi al instante! Duermase aprisa\u2122 es 100% natural, de venta libre y no forman h\u00e1bito. Que usted coloque la tira en su lengua, se disuelve, usted r\u00e1pidamente el sue\u00f1o, de despertar descansado y disfrutar de su d\u00eda!","robots":{"index":"index","follow":"follow","max-snippet":"max-snippet:-1","max-image-preview":"max-image-preview:large","max-video-preview":"max-video-preview:-1"},"canonical":"https:\/\/imsnaturally.com\/es\/product\/quick2sleep\/","og_locale":"es_MX","og_type":"article","og_title":"[:en]Quick2Sleep[:es]Quick2Sleep[:] - IMS Naturally \/ IMS Supplements, Inc.","og_description":"24 tiras de disoluci\u00f3n \/ paquete. Lanzando, de inflexi\u00f3n, un lote en su mente, incapaz de dormir? .. Ahora natural dormir ayuda que te ayuda a dormir ... Casi al instante! Duermase aprisa\u2122 es 100% natural, de venta libre y no forman h\u00e1bito. Que usted coloque la tira en su lengua, se disuelve, usted r\u00e1pidamente el sue\u00f1o, de despertar descansado y disfrutar de su d\u00eda!","og_url":"https:\/\/imsnaturally.com\/es\/product\/quick2sleep\/","og_site_name":"IMS Naturally \/ IMS Supplements, Inc.","article_modified_time":"2022-08-25T19:43:11+00:00","og_image":[{"width":1792,"height":2560,"url":"https:\/\/imsnaturally.com\/wp-content\/uploads\/2022\/07\/finalq2s-scaled.jpg","type":"image\/jpeg"}],"twitter_card":"summary_large_image","twitter_misc":{"Tiempo de lectura":"1 minuto"},"schema":{"@context":"https:\/\/schema.org","@graph":[{"@type":"WebPage","@id":"https:\/\/imsnaturally.com\/es\/product\/quick2sleep\/","url":"https:\/\/imsnaturally.com\/es\/product\/quick2sleep\/","name":"Quick2Sleep","isPartOf":{"@id":"https:\/\/imsnaturally.com\/#website"},"primaryImageOfPage":{"@id":"https:\/\/imsnaturally.com\/es\/product\/quick2sleep\/#primaryimage"},"image":{"@id":"https:\/\/imsnaturally.com\/es\/product\/quick2sleep\/#primaryimage"},"thumbnailUrl":"https:\/\/imsnaturally.com\/wp-content\/uploads\/2022\/07\/finalq2s-scaled.jpg","datePublished":"2022-07-20T12:50:25+00:00","dateModified":"2022-08-25T19:43:11+00:00","description":"24 tiras de disoluci\u00f3n \/ paquete. Lanzando, de inflexi\u00f3n, un lote en su mente, incapaz de dormir? .. Ahora natural dormir ayuda que te ayuda a dormir ... Casi al instante! Duermase aprisa\u2122 es 100% natural, de venta libre y no forman h\u00e1bito. Que usted coloque la tira en su lengua, se disuelve, usted r\u00e1pidamente el sue\u00f1o, de despertar descansado y disfrutar de su d\u00eda!","breadcrumb":{"@id":"https:\/\/imsnaturally.com\/es\/product\/quick2sleep\/#breadcrumb"},"inLanguage":"es-MX","potentialAction":[{"@type":"ReadAction","target":["https:\/\/imsnaturally.com\/es\/product\/quick2sleep\/"]}]},{"@type":"ImageObject","inLanguage":"es-MX","@id":"https:\/\/imsnaturally.com\/es\/product\/quick2sleep\/#primaryimage","url":"https:\/\/imsnaturally.com\/wp-content\/uploads\/2022\/07\/finalq2s-scaled.jpg","contentUrl":"https:\/\/imsnaturally.com\/wp-content\/uploads\/2022\/07\/finalq2s-scaled.jpg","width":1792,"height":2560,"caption":"Quick2Sleep Sleep Strips"},{"@type":"BreadcrumbList","@id":"https:\/\/imsnaturally.com\/es\/product\/quick2sleep\/#breadcrumb","itemListElement":[{"@type":"ListItem","position":1,"name":"Home","item":"https:\/\/imsnaturally.com\/"},{"@type":"ListItem","position":2,"name":"Shop","item":"https:\/\/imsnaturally.com\/shop\/"},{"@type":"ListItem","position":3,"name":"Quick2Sleep"}]},{"@type":"WebSite","@id":"https:\/\/imsnaturally.com\/#website","url":"https:\/\/imsnaturally.com\/","name":"IMS Naturally \/ IMS Supplements, Inc.","description":"","publisher":{"@id":"https:\/\/imsnaturally.com\/#organization"},"potentialAction":[{"@type":"SearchAction","target":{"@type":"EntryPoint","urlTemplate":"https:\/\/imsnaturally.com\/?s={search_term_string}"},"query-input":{"@type":"PropertyValueSpecification","valueRequired":true,"valueName":"search_term_string"}}],"inLanguage":"es-MX"},{"@type":"Organization","@id":"https:\/\/imsnaturally.com\/#organization","name":"IMS Naturally \/ IMS Supplements, Inc.","url":"https:\/\/imsnaturally.com\/","logo":{"@type":"ImageObject","inLanguage":"es-MX","@id":"https:\/\/imsnaturally.com\/#\/schema\/logo\/image\/","url":"https:\/\/imsnaturally.com\/wp-content\/uploads\/2022\/07\/logo.jpg","contentUrl":"https:\/\/imsnaturally.com\/wp-content\/uploads\/2022\/07\/logo.jpg","width":375,"height":79,"caption":"IMS Naturally \/ IMS Supplements, Inc."},"image":{"@id":"https:\/\/imsnaturally.com\/#\/schema\/logo\/image\/"}}]}},"_links":{"self":[{"href":"https:\/\/imsnaturally.com\/es\/wp-json\/wp\/v2\/product\/70","targetHints":{"allow":["GET"]}}],"collection":[{"href":"https:\/\/imsnaturally.com\/es\/wp-json\/wp\/v2\/product"}],"about":[{"href":"https:\/\/imsnaturally.com\/es\/wp-json\/wp\/v2\/types\/product"}],"replies":[{"embeddable":true,"href":"https:\/\/imsnaturally.com\/es\/wp-json\/wp\/v2\/comments?post=70"}],"wp:featuredmedia":[{"embeddable":true,"href":"https:\/\/imsnaturally.com\/es\/wp-json\/wp\/v2\/media\/35716"}],"wp:attachment":[{"href":"https:\/\/imsnaturally.com\/es\/wp-json\/wp\/v2\/media?parent=70"}],"wp:term":[{"taxonomy":"product_cat","embeddable":true,"href":"https:\/\/imsnaturally.com\/es\/wp-json\/wp\/v2\/product_cat?post=70"},{"taxonomy":"product_tag","embeddable":true,"href":"https:\/\/imsnaturally.com\/es\/wp-json\/wp\/v2\/product_tag?post=70"}],"curies":[{"name":"wp","href":"https:\/\/api.w.org\/{rel}","templated":true}]}}