{"id":101,"date":"2022-07-20T12:50:32","date_gmt":"2022-07-20T12:50:32","guid":{"rendered":"https:\/\/www.imsnaturally.com\/?post_type=product&#038;p=101"},"modified":"2025-04-04T20:31:22","modified_gmt":"2025-04-04T20:31:22","slug":"berberine-metx-ultra-absorption-60","status":"publish","type":"product","link":"https:\/\/imsnaturally.com\/es\/product\/berberine-metx-ultra-absorption-60\/","title":{"rendered":"Berberine MetX\u2122 Ultra Absorption #60"},"content":{"rendered":"","protected":false},"excerpt":{"rendered":"<p>Beneficios de la berberina; La berberina ha sido recomendada en la pr\u00e1ctica tradicional y reconocida por la ciencia moderna para apoyar el colesterol, los niveles de triglic\u00e9ridos y la salud metab\u00f3lica en general. \u2022 La absorci\u00f3n es clave; La berberina est\u00e1ndar puede ser dif\u00edcil de absorber para el cuerpo; Se estima que solo alrededor del 5% llega al torrente sangu\u00edneo, por lo que es clave encontrar una manera de mejorar la absorci\u00f3n. \u2022 M\u00e9todo de entrega comprobado; Esta f\u00f3rmula est\u00e1 mejorada con GammaSorb, un m\u00e9todo de administraci\u00f3n que es soluble en agua y grasa; Se ha demostrado que este m\u00e9todo de entrega de absorci\u00f3n de doble acci\u00f3n en una variedad de ingredientes mejora significativamente la absorci\u00f3n. \u2022 Menos es m\u00e1s; Berberine MetX Ultra Absorci\u00f3n tiene menos berberina por c\u00e1psula que nuestro suplemento regular Berberine MetX; La diferencia es que esta f\u00f3rmula utiliza un sistema de administraci\u00f3n especializado para mejorar la absorci\u00f3n, por lo que se pueden usar dosis m\u00e1s bajas. \u2022 La diferencia de alta calidad; Todos los productos de Terry Naturally se fabrican seg\u00fan las estrictas Buenas Pr\u00e1cticas de Fabricaci\u00f3n (cGMP) establecidas por la FDA y se producen con ingredientes de la m\u00e1s alta calidad.<\/p>\n<p>Para obtener mas informaci\u00f3n, por favor visite la <a href=\"https:\/\/www.ncbi.nlm.nih.gov\/pmc\/articles\/PMC6434235\/\" target=\"_blank\" rel=\"noopener\"><u>p\u00e1gina<\/u><\/a> del producto.<\/p>\n","protected":false},"featured_media":158,"comment_status":"open","ping_status":"closed","template":"","meta":[],"product_cat":[31],"product_tag":[],"class_list":{"0":"post-101","1":"product","2":"type-product","3":"status-publish","4":"has-post-thumbnail","6":"product_brand-europharma","7":"product_cat-metabolic-support","9":"first","10":"instock","11":"sale","12":"featured","13":"taxable","14":"shipping-taxable","15":"purchasable","16":"product-type-simple"},"yoast_head":"<!-- This site is optimized with the Yoast SEO plugin v27.4 - https:\/\/yoast.com\/product\/yoast-seo-wordpress\/ -->\n<title>Berberine MetX\u2122 Ultra Absorption #60<\/title>\n<meta name=\"description\" content=\"Beneficios de la berberina; La berberina ha sido recomendada en la pr\u00e1ctica tradicional y reconocida por la ciencia moderna para apoyar el colesterol, los niveles de triglic\u00e9ridos y la salud metab\u00f3lica en general. La absorci\u00f3n es clave. La absorci\u00f3n es clave; La berberina est\u00e1ndar puede ser dif\u00edcil de absorber para el cuerpo.\" \/>\n<meta name=\"robots\" content=\"index, follow, max-snippet:-1, max-image-preview:large, max-video-preview:-1\" \/>\n<link rel=\"canonical\" href=\"https:\/\/imsnaturally.com\/es\/product\/berberine-metx-ultra-absorption-60\/\" \/>\n<meta property=\"og:locale\" content=\"es_MX\" \/>\n<meta property=\"og:locale:alternate\" content=\"en_US\" \/>\n<meta property=\"og:type\" content=\"article\" \/>\n<meta property=\"og:title\" content=\"Berberine MetX\u2122 Ultra Absorption #60\" \/>\n<meta property=\"og:description\" content=\"Beneficios de la berberina; La berberina ha sido recomendada en la pr\u00e1ctica tradicional y reconocida por la ciencia moderna para apoyar el colesterol, los niveles de triglic\u00e9ridos y la salud metab\u00f3lica en general. La absorci\u00f3n es clave. La absorci\u00f3n es clave; La berberina est\u00e1ndar puede ser dif\u00edcil de absorber para el cuerpo.\" \/>\n<meta property=\"og:url\" content=\"https:\/\/imsnaturally.com\/es\/product\/berberine-metx-ultra-absorption-60\/\" \/>\n<meta property=\"og:site_name\" content=\"IMS Naturally \/ IMS Supplements, Inc.\" \/>\n<meta property=\"article:modified_time\" content=\"2025-04-04T20:31:22+00:00\" \/>\n<meta property=\"og:image\" content=\"https:\/\/imsnaturally.com\/wp-content\/uploads\/2022\/07\/berbering-metx-ultra-absorption.png\" \/>\n\t<meta property=\"og:image:width\" content=\"700\" \/>\n\t<meta property=\"og:image:height\" content=\"700\" \/>\n\t<meta property=\"og:image:type\" content=\"image\/png\" \/>\n<meta name=\"twitter:card\" content=\"summary_large_image\" \/>\n<meta name=\"twitter:label1\" content=\"Tiempo de lectura\" \/>\n\t<meta name=\"twitter:data1\" content=\"1 minuto\" \/>\n<script type=\"application\/ld+json\" class=\"yoast-schema-graph\">{\"@context\":\"https:\\\/\\\/schema.org\",\"@graph\":[{\"@type\":\"WebPage\",\"@id\":\"https:\\\/\\\/imsnaturally.com\\\/es\\\/product\\\/berberine-metx-ultra-absorption-60\\\/\",\"url\":\"https:\\\/\\\/imsnaturally.com\\\/es\\\/product\\\/berberine-metx-ultra-absorption-60\\\/\",\"name\":\"Berberine MetX\u2122 Ultra Absorption #60\",\"isPartOf\":{\"@id\":\"https:\\\/\\\/imsnaturally.com\\\/#website\"},\"primaryImageOfPage\":{\"@id\":\"https:\\\/\\\/imsnaturally.com\\\/es\\\/product\\\/berberine-metx-ultra-absorption-60\\\/#primaryimage\"},\"image\":{\"@id\":\"https:\\\/\\\/imsnaturally.com\\\/es\\\/product\\\/berberine-metx-ultra-absorption-60\\\/#primaryimage\"},\"thumbnailUrl\":\"https:\\\/\\\/imsnaturally.com\\\/wp-content\\\/uploads\\\/2022\\\/07\\\/berbering-metx-ultra-absorption.png\",\"datePublished\":\"2022-07-20T12:50:32+00:00\",\"dateModified\":\"2025-04-04T20:31:22+00:00\",\"description\":\"Beneficios de la berberina; La berberina ha sido recomendada en la pr\u00e1ctica tradicional y reconocida por la ciencia moderna para apoyar el colesterol, los niveles de triglic\u00e9ridos y la salud metab\u00f3lica en general. La absorci\u00f3n es clave. La absorci\u00f3n es clave; La berberina est\u00e1ndar puede ser dif\u00edcil de absorber para el cuerpo.\",\"breadcrumb\":{\"@id\":\"https:\\\/\\\/imsnaturally.com\\\/es\\\/product\\\/berberine-metx-ultra-absorption-60\\\/#breadcrumb\"},\"inLanguage\":\"es-MX\",\"potentialAction\":[{\"@type\":\"ReadAction\",\"target\":[\"https:\\\/\\\/imsnaturally.com\\\/es\\\/product\\\/berberine-metx-ultra-absorption-60\\\/\"]}]},{\"@type\":\"ImageObject\",\"inLanguage\":\"es-MX\",\"@id\":\"https:\\\/\\\/imsnaturally.com\\\/es\\\/product\\\/berberine-metx-ultra-absorption-60\\\/#primaryimage\",\"url\":\"https:\\\/\\\/imsnaturally.com\\\/wp-content\\\/uploads\\\/2022\\\/07\\\/berbering-metx-ultra-absorption.png\",\"contentUrl\":\"https:\\\/\\\/imsnaturally.com\\\/wp-content\\\/uploads\\\/2022\\\/07\\\/berbering-metx-ultra-absorption.png\",\"width\":700,\"height\":700},{\"@type\":\"BreadcrumbList\",\"@id\":\"https:\\\/\\\/imsnaturally.com\\\/es\\\/product\\\/berberine-metx-ultra-absorption-60\\\/#breadcrumb\",\"itemListElement\":[{\"@type\":\"ListItem\",\"position\":1,\"name\":\"Home\",\"item\":\"https:\\\/\\\/imsnaturally.com\\\/\"},{\"@type\":\"ListItem\",\"position\":2,\"name\":\"Shop\",\"item\":\"https:\\\/\\\/imsnaturally.com\\\/shop\\\/\"},{\"@type\":\"ListItem\",\"position\":3,\"name\":\"Berberine MetX\u2122 Ultra Absorption #60\"}]},{\"@type\":\"WebSite\",\"@id\":\"https:\\\/\\\/imsnaturally.com\\\/#website\",\"url\":\"https:\\\/\\\/imsnaturally.com\\\/\",\"name\":\"IMS Naturally \\\/ IMS Supplements, Inc.\",\"description\":\"\",\"publisher\":{\"@id\":\"https:\\\/\\\/imsnaturally.com\\\/#organization\"},\"potentialAction\":[{\"@type\":\"SearchAction\",\"target\":{\"@type\":\"EntryPoint\",\"urlTemplate\":\"https:\\\/\\\/imsnaturally.com\\\/?s={search_term_string}\"},\"query-input\":{\"@type\":\"PropertyValueSpecification\",\"valueRequired\":true,\"valueName\":\"search_term_string\"}}],\"inLanguage\":\"es-MX\"},{\"@type\":\"Organization\",\"@id\":\"https:\\\/\\\/imsnaturally.com\\\/#organization\",\"name\":\"IMS Naturally \\\/ IMS Supplements, Inc.\",\"url\":\"https:\\\/\\\/imsnaturally.com\\\/\",\"logo\":{\"@type\":\"ImageObject\",\"inLanguage\":\"es-MX\",\"@id\":\"https:\\\/\\\/imsnaturally.com\\\/#\\\/schema\\\/logo\\\/image\\\/\",\"url\":\"https:\\\/\\\/imsnaturally.com\\\/wp-content\\\/uploads\\\/2022\\\/07\\\/logo.jpg\",\"contentUrl\":\"https:\\\/\\\/imsnaturally.com\\\/wp-content\\\/uploads\\\/2022\\\/07\\\/logo.jpg\",\"width\":375,\"height\":79,\"caption\":\"IMS Naturally \\\/ IMS Supplements, Inc.\"},\"image\":{\"@id\":\"https:\\\/\\\/imsnaturally.com\\\/#\\\/schema\\\/logo\\\/image\\\/\"}}]}<\/script>\n<!-- \/ Yoast SEO plugin. -->","yoast_head_json":{"title":"Berberine MetX\u2122 Ultra Absorption #60","description":"Beneficios de la berberina; La berberina ha sido recomendada en la pr\u00e1ctica tradicional y reconocida por la ciencia moderna para apoyar el colesterol, los niveles de triglic\u00e9ridos y la salud metab\u00f3lica en general. La absorci\u00f3n es clave. La absorci\u00f3n es clave; La berberina est\u00e1ndar puede ser dif\u00edcil de absorber para el cuerpo.","robots":{"index":"index","follow":"follow","max-snippet":"max-snippet:-1","max-image-preview":"max-image-preview:large","max-video-preview":"max-video-preview:-1"},"canonical":"https:\/\/imsnaturally.com\/es\/product\/berberine-metx-ultra-absorption-60\/","og_locale":"es_MX","og_type":"article","og_title":"[:en]Berberine MetX\u2122 Ultra Absorption #60[:es]Berberine MetX\u2122 Ultra Absorption #60[:] - IMS Naturally \/ IMS Supplements, Inc.","og_description":"[:en]Berberine Benefits; Berberine has been recommended in traditional practice and recognized by modern science to support cholesterol, triglyceride levels, and overall metabolic health. Absorption Is Key; Standard berberine can be difficult for the body to absorb; It\u2019s estimated that only about 5% makes it into the bloodstream, so finding a way to enhance absorption is key.[:es]Beneficios de la berberina; La berberina ha sido recomendada en la pr\u00e1ctica tradicional y reconocida por la ciencia moderna para apoyar el colesterol, los niveles de triglic\u00e9ridos y la salud metab\u00f3lica en general. La absorci\u00f3n es clave. La absorci\u00f3n es clave; La berberina est\u00e1ndar puede ser dif\u00edcil de absorber para el cuerpo.[:]","og_url":"https:\/\/imsnaturally.com\/es\/product\/berberine-metx-ultra-absorption-60\/","og_site_name":"IMS Naturally \/ IMS Supplements, Inc.","article_modified_time":"2025-04-04T20:31:22+00:00","og_image":[{"width":700,"height":700,"url":"https:\/\/imsnaturally.com\/wp-content\/uploads\/2022\/07\/berbering-metx-ultra-absorption.png","type":"image\/png"}],"twitter_card":"summary_large_image","twitter_misc":{"Tiempo de lectura":"1 minuto"},"schema":{"@context":"https:\/\/schema.org","@graph":[{"@type":"WebPage","@id":"https:\/\/imsnaturally.com\/es\/product\/berberine-metx-ultra-absorption-60\/","url":"https:\/\/imsnaturally.com\/es\/product\/berberine-metx-ultra-absorption-60\/","name":"Berberine MetX\u2122 Ultra Absorption #60","isPartOf":{"@id":"https:\/\/imsnaturally.com\/#website"},"primaryImageOfPage":{"@id":"https:\/\/imsnaturally.com\/es\/product\/berberine-metx-ultra-absorption-60\/#primaryimage"},"image":{"@id":"https:\/\/imsnaturally.com\/es\/product\/berberine-metx-ultra-absorption-60\/#primaryimage"},"thumbnailUrl":"https:\/\/imsnaturally.com\/wp-content\/uploads\/2022\/07\/berbering-metx-ultra-absorption.png","datePublished":"2022-07-20T12:50:32+00:00","dateModified":"2025-04-04T20:31:22+00:00","description":"Beneficios de la berberina; La berberina ha sido recomendada en la pr\u00e1ctica tradicional y reconocida por la ciencia moderna para apoyar el colesterol, los niveles de triglic\u00e9ridos y la salud metab\u00f3lica en general. La absorci\u00f3n es clave. La absorci\u00f3n es clave; La berberina est\u00e1ndar puede ser dif\u00edcil de absorber para el cuerpo.","breadcrumb":{"@id":"https:\/\/imsnaturally.com\/es\/product\/berberine-metx-ultra-absorption-60\/#breadcrumb"},"inLanguage":"es-MX","potentialAction":[{"@type":"ReadAction","target":["https:\/\/imsnaturally.com\/es\/product\/berberine-metx-ultra-absorption-60\/"]}]},{"@type":"ImageObject","inLanguage":"es-MX","@id":"https:\/\/imsnaturally.com\/es\/product\/berberine-metx-ultra-absorption-60\/#primaryimage","url":"https:\/\/imsnaturally.com\/wp-content\/uploads\/2022\/07\/berbering-metx-ultra-absorption.png","contentUrl":"https:\/\/imsnaturally.com\/wp-content\/uploads\/2022\/07\/berbering-metx-ultra-absorption.png","width":700,"height":700},{"@type":"BreadcrumbList","@id":"https:\/\/imsnaturally.com\/es\/product\/berberine-metx-ultra-absorption-60\/#breadcrumb","itemListElement":[{"@type":"ListItem","position":1,"name":"Home","item":"https:\/\/imsnaturally.com\/"},{"@type":"ListItem","position":2,"name":"Shop","item":"https:\/\/imsnaturally.com\/shop\/"},{"@type":"ListItem","position":3,"name":"Berberine MetX\u2122 Ultra Absorption #60"}]},{"@type":"WebSite","@id":"https:\/\/imsnaturally.com\/#website","url":"https:\/\/imsnaturally.com\/","name":"IMS Naturally \/ IMS Supplements, Inc.","description":"","publisher":{"@id":"https:\/\/imsnaturally.com\/#organization"},"potentialAction":[{"@type":"SearchAction","target":{"@type":"EntryPoint","urlTemplate":"https:\/\/imsnaturally.com\/?s={search_term_string}"},"query-input":{"@type":"PropertyValueSpecification","valueRequired":true,"valueName":"search_term_string"}}],"inLanguage":"es-MX"},{"@type":"Organization","@id":"https:\/\/imsnaturally.com\/#organization","name":"IMS Naturally \/ IMS Supplements, Inc.","url":"https:\/\/imsnaturally.com\/","logo":{"@type":"ImageObject","inLanguage":"es-MX","@id":"https:\/\/imsnaturally.com\/#\/schema\/logo\/image\/","url":"https:\/\/imsnaturally.com\/wp-content\/uploads\/2022\/07\/logo.jpg","contentUrl":"https:\/\/imsnaturally.com\/wp-content\/uploads\/2022\/07\/logo.jpg","width":375,"height":79,"caption":"IMS Naturally \/ IMS Supplements, Inc."},"image":{"@id":"https:\/\/imsnaturally.com\/#\/schema\/logo\/image\/"}}]}},"_links":{"self":[{"href":"https:\/\/imsnaturally.com\/es\/wp-json\/wp\/v2\/product\/101","targetHints":{"allow":["GET"]}}],"collection":[{"href":"https:\/\/imsnaturally.com\/es\/wp-json\/wp\/v2\/product"}],"about":[{"href":"https:\/\/imsnaturally.com\/es\/wp-json\/wp\/v2\/types\/product"}],"replies":[{"embeddable":true,"href":"https:\/\/imsnaturally.com\/es\/wp-json\/wp\/v2\/comments?post=101"}],"wp:featuredmedia":[{"embeddable":true,"href":"https:\/\/imsnaturally.com\/es\/wp-json\/wp\/v2\/media\/158"}],"wp:attachment":[{"href":"https:\/\/imsnaturally.com\/es\/wp-json\/wp\/v2\/media?parent=101"}],"wp:term":[{"taxonomy":"product_cat","embeddable":true,"href":"https:\/\/imsnaturally.com\/es\/wp-json\/wp\/v2\/product_cat?post=101"},{"taxonomy":"product_tag","embeddable":true,"href":"https:\/\/imsnaturally.com\/es\/wp-json\/wp\/v2\/product_tag?post=101"}],"curies":[{"name":"wp","href":"https:\/\/api.w.org\/{rel}","templated":true}]}}